{"id":979,"date":"2016-02-19T06:35:00","date_gmt":"2016-02-19T06:35:00","guid":{"rendered":"http:\/\/consulting.stylemixthemes.com\/?page_id=979"},"modified":"2026-04-02T09:53:09","modified_gmt":"2026-04-02T07:53:09","slug":"home-2","status":"publish","type":"page","link":"https:\/\/www.anzianienonsolo.it\/online\/","title":{"rendered":"home 2"},"content":{"rendered":"<div class=\"wpb-content-wrapper\"><p>[vc_row css=&#8221;.vc_custom_1609864922630{margin-bottom: 0px !important;}&#8221;][vc_column][vc_separator][vc_row_inner equal_height=&#8221;yes&#8221; content_placement=&#8221;top&#8221; css=&#8221;.vc_custom_1750091665676{margin-right: 0px !important;}&#8221;][vc_column_inner width=&#8221;1\/4&#8243;][\/vc_column_inner][vc_column_inner width=&#8221;1\/2&#8243;][\/vc_column_inner][vc_column_inner width=&#8221;1\/4&#8243;][vc_wp_search][\/vc_column_inner][\/vc_row_inner][rev_slider_vc alias=&#8221;main_slider&#8221;][vc_empty_space][vc_custom_heading text=&#8221;Notizie ed eventi in primo piano&#8221;][vc_row_inner][vc_column_inner width=&#8221;1\/2&#8243;][vc_basic_grid post_type=&#8221;post&#8221; max_items=&#8221;1&#8243; style=&#8221;load-more&#8221; element_width=&#8221;12&#8243; item=&#8221;11782&#8243; grid_id=&#8221;vc_gid:1775116370125-5a915b88-6cdc-8&#8243; taxonomies=&#8221;538&#8243;][\/vc_column_inner][vc_column_inner width=&#8221;1\/2&#8243;][vc_basic_grid post_type=&#8221;post&#8221; max_items=&#8221;2&#8243; style=&#8221;load-more&#8221; element_width=&#8221;6&#8243; gap=&#8221;5&#8243; item=&#8221;11782&#8243; css=&#8221;.vc_custom_1750157361670{background-position: center !important;background-repeat: no-repeat !important;background-size: cover !important;}&#8221; grid_id=&#8221;vc_gid:1775116370126-a133e5d4-4f3d-0&#8243; el_class=&#8221;vc_grid-in-primo-piano&#8221; taxonomies=&#8221;178&#8243;][vc_btn title=&#8221;Vai a tutte le news&#8221; style=&#8221;outline&#8221; color=&#8221;theme_style_5&#8243; size=&#8221;lg&#8221; align=&#8221;right&#8221; i_type=&#8221;material&#8221; i_icon_material=&#8221;vc-material vc-material-arrow_forward&#8221; button_block=&#8221;true&#8221; add_icon=&#8221;true&#8221; link=&#8221;url:http%3A%2F%2Fwww.anzianienonsolo.it%2Fonline%2Fblog%2F|||&#8221;][\/vc_column_inner][\/vc_row_inner][\/vc_column][vc_column css=&#8221;.vc_custom_1750058234218{margin-right: 5px !important;margin-left: 5px !important;background-position: center !important;background-repeat: no-repeat !important;background-size: contain !important;}&#8221;][vc_empty_space][vc_row_inner][vc_column_inner][vc_separator color=&#8221;custom&#8221;][\/vc_column_inner][\/vc_row_inner][\/vc_column][\/vc_row][vc_row full_width=&#8221;stretch_row&#8221; css=&#8221;.vc_custom_1750339690924{background-color: #FFFFFF !important;}&#8221;][vc_column][vc_empty_space][vc_row_inner][vc_column_inner][vc_single_image image=&#8221;11957&#8243; img_size=&#8221;full&#8221; css=&#8221;&#8221;][\/vc_column_inner][\/vc_row_inner][vc_row_inner css=&#8221;.vc_custom_1752678125139{background-color: #F2F2F2 !important;}&#8221;][vc_column_inner width=&#8221;1\/3&#8243;][\/vc_column_inner][vc_column_inner width=&#8221;1\/3&#8243;][\/vc_column_inner][vc_column_inner width=&#8221;1\/3&#8243;][\/vc_column_inner][\/vc_row_inner][vc_empty_space][vc_separator][\/vc_column][\/vc_row][vc_row full_width=&#8221;stretch_row&#8221; css=&#8221;.vc_custom_1610033758814{margin-bottom: 37px !important;background-color: #f2f2f2 !important;}&#8221;][vc_column width=&#8221;1\/3&#8243;][vc_hoverbox image=&#8221;11959&#8243; primary_title=&#8221;PERSONE&#8221; primary_title_font_container=&#8221;font_size:35|color:%23FFFFFF&#8221; primary_title_google_fonts=&#8221;font_family:Roboto%3A100%2C100italic%2C300%2C300italic%2Cregular%2Citalic%2C500%2C500italic%2C700%2C700italic%2C900%2C900italic|font_style:900%20bold%20regular%3A900%3Anormal&#8221; hover_title=&#8221;Persone&#8221; hover_background_color=&#8221;custom&#8221; hover_btn_title=&#8221;Vai alla sezione&#8221; hover_btn_color=&#8221;white&#8221; use_custom_fonts_primary_title=&#8221;true&#8221; hover_add_button=&#8221;true&#8221; hover_custom_background=&#8221;#90BC5C&#8221; hover_btn_link=&#8221;url:https%3A%2F%2Fwww.anzianienonsolo.it%2Fonline%2Fpersone%2F&#8221;]<span style=\"color: #ffffff;\">Accompagniamo le persone nel loro percorso di vita, aiutandole a sviluppare a pieno il proprio potenziale e ad affrontare sfide e cambiamenti grazie a nuove risorse e competenze.PERS<\/span>[\/vc_hoverbox][\/vc_column][vc_column width=&#8221;1\/3&#8243;][vc_hoverbox image=&#8221;11961&#8243; primary_title=&#8221;PROFESSIONISTI&#8221; primary_title_font_container=&#8221;font_size:35|color:%23FFFFFF&#8221; primary_title_google_fonts=&#8221;font_family:Roboto%3A100%2C100italic%2C300%2C300italic%2Cregular%2Citalic%2C500%2C500italic%2C700%2C700italic%2C900%2C900italic|font_style:900%20bold%20regular%3A900%3Anormal&#8221; hover_title=&#8221;Professionisti&#8221; hover_background_color=&#8221;custom&#8221; hover_btn_title=&#8221;Vai alla sezione&#8221; hover_btn_color=&#8221;white&#8221; use_custom_fonts_primary_title=&#8221;true&#8221; hover_add_button=&#8221;true&#8221; hover_custom_background=&#8221;#90BC5C&#8221; hover_btn_link=&#8221;url:https%3A%2F%2Fwww.anzianienonsolo.it%2Fonline%2Fprofessionist%2F&#8221;]<span style=\"color: #ffffff;\">Usiamo metodologie e strumenti pedagogici avanzati per potenziare le capacit\u00e0 degli operatori cos\u00ec che possano rispondere in modo pi\u00f9 efficace ai bisogni delle persone di cui si prendono cura.<\/span>[\/vc_hoverbox][\/vc_column][vc_column width=&#8221;1\/3&#8243;][vc_hoverbox image=&#8221;11963&#8243; primary_title=&#8221;COMUNITA'&#8221; primary_title_font_container=&#8221;font_size:35|color:%23FFFFFF&#8221; primary_title_google_fonts=&#8221;font_family:Roboto%3A100%2C100italic%2C300%2C300italic%2Cregular%2Citalic%2C500%2C500italic%2C700%2C700italic%2C900%2C900italic|font_style:900%20bold%20regular%3A900%3Anormal&#8221; hover_title=&#8221;Comunit\u00e0&#8221; hover_background_color=&#8221;custom&#8221; hover_btn_title=&#8221;Vai alla sezione&#8221; hover_btn_color=&#8221;white&#8221; use_custom_fonts_primary_title=&#8221;true&#8221; hover_add_button=&#8221;true&#8221; hover_custom_background=&#8221;#90BC5C&#8221; hover_btn_link=&#8221;url:https%3A%2F%2Fwww.anzianienonsolo.it%2Fonline%2Fcomunita%2F&#8221;]<span style=\"color: #ffffff;\">Sviluppiamo nuovi approcci per rispondere a sfide sociali in continua evoluzione, con uno sguardo all\u2019Europa e le radici sui territori, per sistemi di welfare pi\u00f9 giusti e sostenibili.<\/span>[\/vc_hoverbox][\/vc_column][\/vc_row][vc_row][vc_column][vc_empty_space][vc_custom_heading text=&#8221;Progetti in corso&#8221;][stm_image_carousel h_centered=&#8221;yes&#8221; img_size=&#8221;full&#8221; style=&#8221;style_2&#8243; autoplay=&#8221;yes&#8221; loop=&#8221;yes&#8221; items=&#8221;4&#8243; items_small_desktop=&#8221;4&#8243; dots=&#8221;true&#8221; images=&#8221;11331,11398,11553,11555,11556,11859,12177,12849,13178,13315,13466&#8243; css=&#8221;.vc_custom_1775116385931{background-color: #ffffff !important;}&#8221; custom_links=&#8221;#E-8_aHR0cHMlM0ElMkYlMkZ3d3cuYW56aWFuaWVub25zb2xvLml0JTJGb25saW5lJTJGd29ya3MlMkZvcGVuY2FyZSUyRiUyQ2h0dHBzJTNBJTJGJTJGd3d3LmFuemlhbmllbm9uc29sby5pdCUyRm9ubGluZSUyRndvcmtzJTJGYXJ0LWF0LWhvbWUlMkYlMkNodHRwcyUzQSUyRiUyRnByaXNjaWxsYXByb2plY3QuZXUlMkNodHRwcyUzQSUyRiUyRmZyaWVuZHByb2plY3QuZXUlMkNodHRwcyUzQSUyRiUyRnd3dy5hbnppYW5pZW5vbnNvbG8uaXQlMkZvbmxpbmUlMkZ3b3JrcyUyRmNlcnYtZGFwaG5lLXZlcmElMkYlMkNodHRwcyUzQSUyRiUyRm91cnZvaWNlc3Byb2plY3QuZXUlMkNodHRwcyUzQSUyRiUyRnd3dy5hbnppYW5pZW5vbnNvbG8uaXQlMkZvbmxpbmUlMkZ3b3JrcyUyRmVyYXNtdXMtZGlnaWNhcmUlMkYlMkNodHRwcyUzQSUyRiUyRnd3dy5hbnppYW5pZW5vbnNvbG8uaXQlMkZvbmxpbmUlMkZ3b3JrcyUyRmlsbWlvdmFsb3JlJTJGJTJDaHR0cHMlM0ElMkYlMkZ3d3cuYW56aWFuaWVub25zb2xvLml0JTJGb25saW5lJTJGd29ya3MlMkZjb2Nvc28lMkYlMkNodHRwcyUzQSUyRiUyRnd3dy5hbnppYW5pZW5vbnNvbG8uaXQlMkZvbmxpbmUlMkZ3b3JrcyUyRmVyYXNtdXMtbGVnZW5kcyUyRiUyQ2h0dHBzJTNBJTJGJTJGd3d3LmFuemlhbmllbm9uc29sby5pdCUyRm9ubGluZSUyRndvcmtzJTJGc2ljb21vcm8lMkY=&#8221;][vc_btn title=&#8221;Tutti i progetti&#8221; style=&#8221;outline&#8221; color=&#8221;theme_style_5&#8243; size=&#8221;lg&#8221; align=&#8221;right&#8221; i_type=&#8221;material&#8221; i_icon_material=&#8221;vc-material vc-material-arrow_forward&#8221; css=&#8221;&#8221; button_block=&#8221;true&#8221; add_icon=&#8221;true&#8221; link=&#8221;url:https%3A%2F%2Fwww.anzianienonsolo.it%2Fonline%2Ftutti-i-progetti%2F&#8221;][vc_empty_space][\/vc_column][\/vc_row][vc_row][vc_column][vc_separator][vc_empty_space][vc_custom_heading text=&#8221;Iniziative, formazione e servizi&#8221;][vc_row_inner][vc_column_inner width=&#8221;1\/3&#8243;][vc_custom_heading text=&#8221;Caregiver Day&#8221; font_container=&#8221;tag:h5|text_align:center&#8221; subtitle=&#8221;Dal 2011, Anziani e non solo organizza da dedicate a chi si prende cura di un proprio caro malato&#8221; link=&#8221;url:http%3A%2F%2Fwww.caregiverday.it%2F||target:%20_blank|&#8221;][\/vc_column_inner][vc_column_inner width=&#8221;1\/3&#8243;][vc_custom_heading text=&#8221;Formazione per operatori&#8221; font_container=&#8221;tag:h5|text_align:center&#8221; subtitle=&#8221;Prevenire gli abusi sugli anziani: organizza un corso con i nostri formatori.&#8221; link=&#8221;url:http%3A%2F%2Fwww.anzianienonsolo.it%2Fonline%2Fprevenire-labuso-agli-anziani-formazione-per-operatori%2F|||&#8221;][\/vc_column_inner][vc_column_inner width=&#8221;1\/3&#8243;][vc_custom_heading text=&#8221;SCALA RICKTER\u00ae&#8221; font_container=&#8221;tag:h5|text_align:center&#8221; subtitle=&#8221;Formazione all&#8217;utilizzo della scala, uno strumento di coaching, valutazione e monitoraggio&#8221; link=&#8221;url:http%3A%2F%2Fwww.anzianienonsolo.it%2Fonline%2Fformazione-allutilizzo-della-scala-rickter%2F|||&#8221;][\/vc_column_inner][\/vc_row_inner][\/vc_column][\/vc_row][vc_row full_width=&#8221;stretch_row&#8221; css=&#8221;.vc_custom_1749826425857{padding-top: 41px !important;padding-bottom: 42px !important;background-color: #ffffff !important;}&#8221;][vc_column][vc_row_inner][vc_column_inner][vc_separator][vc_single_image image=&#8221;7567&#8243; img_size=&#8221;full&#8221;][\/vc_column_inner][\/vc_row_inner][vc_row_inner css=&#8221;.vc_custom_1749826391123{background-color: #ffffff !important;}&#8221;][vc_column_inner][vc_custom_heading text=&#8221;La nostra rete&#8221;][\/vc_column_inner][\/vc_row_inner][vc_column_text]\n\t\t<style>\n\t\t\t#wpls-logo-showcase-slider-1 .wpls-fix-box,\n\t\t\t#wpls-logo-showcase-slider-1 .wpls-fix-box img.wp-post-image{max-height:250px; }\n\t\t<\/style>\n\n\t\t<div class=\"wpls-wrap wpls-logo-showcase-slider-wrp wpls-logo-clearfix wpls-design-1 \" data-conf=\"{&quot;slides_column&quot;:4,&quot;slides_scroll&quot;:1,&quot;dots&quot;:&quot;true&quot;,&quot;arrows&quot;:&quot;true&quot;,&quot;autoplay&quot;:&quot;true&quot;,&quot;autoplay_interval&quot;:3000,&quot;loop&quot;:&quot;true&quot;,&quot;rtl&quot;:&quot;false&quot;,&quot;speed&quot;:800,&quot;center_mode&quot;:&quot;false&quot;,&quot;lazyload&quot;:&quot;&quot;}\">\n\t\t\t<div class=\"wpls-logo-showcase logo_showcase wpls-logo-slider  sliderimage_hide_border \" id=\"wpls-logo-showcase-slider-1\" >\n\t\t\t\t<div class=\"wpls-logo-cnt\">\n\t<div class=\"wpls-fix-box\">\n\t\t\t\t<a href=\"http:\/\/www.rickterscale.com\/\" target=\"_self\">\n\t\t\t<img decoding=\"async\" class=\"wp-post-image\"  src=\"https:\/\/www.anzianienonsolo.it\/online\/wp-content\/uploads\/2021\/01\/keith-stead-associates-logo.jpg\" alt=\"\" \/>\n\t\t<\/a>\n\t\t\t<\/div>\n\t<\/div><div class=\"wpls-logo-cnt\">\n\t<div class=\"wpls-fix-box\">\n\t\t\t\t<a href=\"https:\/\/eurocarers.org\/\" target=\"_self\">\n\t\t\t<img decoding=\"async\" class=\"wp-post-image\"  src=\"https:\/\/www.anzianienonsolo.it\/online\/wp-content\/uploads\/2021\/01\/EucLogo.gif\" alt=\"\" \/>\n\t\t<\/a>\n\t\t\t<\/div>\n\t<\/div><div class=\"wpls-logo-cnt\">\n\t<div class=\"wpls-fix-box\">\n\t\t\t\t<a href=\"https:\/\/www.age-platform.eu\/\" target=\"_self\">\n\t\t\t<img decoding=\"async\" class=\"wp-post-image\"  src=\"https:\/\/www.anzianienonsolo.it\/online\/wp-content\/uploads\/2021\/01\/logo_1Agep.png\" alt=\"\" \/>\n\t\t<\/a>\n\t\t\t<\/div>\n\t<\/div><div class=\"wpls-logo-cnt\">\n\t<div class=\"wpls-fix-box\">\n\t\t\t\t<a href=\"http:\/\/www.associazionecarer.it\/\" target=\"_self\">\n\t\t\t<img decoding=\"async\" class=\"wp-post-image\"  src=\"https:\/\/www.anzianienonsolo.it\/online\/wp-content\/uploads\/2021\/01\/header_associazione.png\" alt=\"\" \/>\n\t\t<\/a>\n\t\t\t<\/div>\n\t<\/div><div class=\"wpls-logo-cnt\">\n\t<div class=\"wpls-fix-box\">\n\t\t\t\t<a href=\"https:\/\/integratedcarefoundation.org\/\" target=\"_self\">\n\t\t\t<img decoding=\"async\" class=\"wp-post-image\"  src=\"https:\/\/www.anzianienonsolo.it\/online\/wp-content\/uploads\/2021\/01\/IFIC-logo@2x.png\" alt=\"\" \/>\n\t\t<\/a>\n\t\t\t<\/div>\n\t<\/div><div class=\"wpls-logo-cnt\">\n\t<div class=\"wpls-fix-box\">\n\t\t\t\t<a href=\"https:\/\/www.alebg.it\/\" target=\"_self\">\n\t\t\t<img decoding=\"async\" class=\"wp-post-image\"  src=\"https:\/\/www.anzianienonsolo.it\/online\/wp-content\/uploads\/2023\/06\/Targa-ALE.jpeg\" alt=\"\" \/>\n\t\t<\/a>\n\t\t\t<\/div>\n\t<\/div><div class=\"wpls-logo-cnt\">\n\t<div class=\"wpls-fix-box\">\n\t\t\t\t<a href=\"https:\/\/www.terredargine.it\/\" target=\"_self\">\n\t\t\t<img decoding=\"async\" class=\"wp-post-image\"  src=\"https:\/\/www.anzianienonsolo.it\/online\/wp-content\/uploads\/2023\/06\/UTD.png\" alt=\"\" \/>\n\t\t<\/a>\n\t\t\t<\/div>\n\t<\/div><div class=\"wpls-logo-cnt\">\n\t<div class=\"wpls-fix-box\">\n\t\t\t\t<a href=\"http:\/\/www.aclisavona.it\/\" target=\"_self\">\n\t\t\t<img decoding=\"async\" class=\"wp-post-image\"  src=\"https:\/\/www.anzianienonsolo.it\/online\/wp-content\/uploads\/2023\/06\/ACLI_Savona.jpg\" alt=\"\" \/>\n\t\t<\/a>\n\t\t\t<\/div>\n\t<\/div><div class=\"wpls-logo-cnt\">\n\t<div class=\"wpls-fix-box\">\n\t\t\t\t<a href=\"https:\/\/debanfield.it\" target=\"_self\">\n\t\t\t<img decoding=\"async\" class=\"wp-post-image\"  src=\"https:\/\/www.anzianienonsolo.it\/online\/wp-content\/uploads\/2023\/06\/DeBanfield-logo2019-senza-cuore.jpeg\" alt=\"\" \/>\n\t\t<\/a>\n\t\t\t<\/div>\n\t<\/div><div class=\"wpls-logo-cnt\">\n\t<div class=\"wpls-fix-box\">\n\t\t\t\t<a href=\"https:\/\/www.jointly.pro\" target=\"_self\">\n\t\t\t<img decoding=\"async\" class=\"wp-post-image\"  src=\"https:\/\/www.anzianienonsolo.it\/online\/wp-content\/uploads\/2023\/06\/JNT_logo-con-payoff_2022_colore-2.png\" alt=\"\" \/>\n\t\t<\/a>\n\t\t\t<\/div>\n\t<\/div><div class=\"wpls-logo-cnt\">\n\t<div class=\"wpls-fix-box\">\n\t\t\t\t<a href=\"https:\/\/badacare.com\/\" target=\"_self\">\n\t\t\t<img decoding=\"async\" class=\"wp-post-image\"  src=\"https:\/\/www.anzianienonsolo.it\/online\/wp-content\/uploads\/2023\/06\/badacare-logo.png\" alt=\"\" \/>\n\t\t<\/a>\n\t\t\t<\/div>\n\t<\/div><div class=\"wpls-logo-cnt\">\n\t<div class=\"wpls-fix-box\">\n\t\t\t\t<a href=\"https:\/\/www.coopselios.com\" target=\"_self\">\n\t\t\t<img decoding=\"async\" class=\"wp-post-image\"  src=\"https:\/\/www.anzianienonsolo.it\/online\/wp-content\/uploads\/2023\/07\/coopselios-logo.jpeg\" alt=\"\" \/>\n\t\t<\/a>\n\t\t\t<\/div>\n\t<\/div><div class=\"wpls-logo-cnt\">\n\t<div class=\"wpls-fix-box\">\n\t\t\t\t<a href=\"https:\/\/www.umana.it\" target=\"_self\">\n\t\t\t<img decoding=\"async\" class=\"wp-post-image\"  src=\"https:\/\/www.anzianienonsolo.it\/online\/wp-content\/uploads\/2023\/07\/logo-UMANA-2015-CMYK.jpg\" alt=\"\" \/>\n\t\t<\/a>\n\t\t\t<\/div>\n\t<\/div><div class=\"wpls-logo-cnt\">\n\t<div class=\"wpls-fix-box\">\n\t\t\t\t<a href=\"https:\/\/www.cisefcoop.it\/home\/\" target=\"_self\">\n\t\t\t<img decoding=\"async\" class=\"wp-post-image\"  src=\"https:\/\/www.anzianienonsolo.it\/online\/wp-content\/uploads\/2023\/07\/CISEF.png\" alt=\"\" \/>\n\t\t<\/a>\n\t\t\t<\/div>\n\t<\/div><div class=\"wpls-logo-cnt\">\n\t<div class=\"wpls-fix-box\">\n\t\t\t\t<img decoding=\"async\" class=\"wp-post-image\"  src=\"https:\/\/www.anzianienonsolo.it\/online\/wp-content\/uploads\/2023\/07\/CurainsiemePAT.jpg\" alt=\"\" \/>\n\t\t\t<\/div>\n\t<\/div>\t\t\t<\/div>\n\t\t<\/div>\n\n\t\t[\/vc_column_text][\/vc_column][\/vc_row][vc_row full_width=&#8221;stretch_row&#8221; css=&#8221;.vc_custom_1610039031382{margin-bottom: 32px !important;background-color: #000000 !important;}&#8221;][vc_column][vc_row_inner][vc_column_inner width=&#8221;2\/3&#8243;][vc_empty_space][vc_column_text]\n<div class=\"wpcf7 no-js\" id=\"wpcf7-f1705-o1\" lang=\"en-US\" dir=\"ltr\" data-wpcf7-id=\"1705\">\n<div class=\"screen-reader-response\"><p role=\"status\" aria-live=\"polite\" aria-atomic=\"true\"><\/p> <ul><\/ul><\/div>\n<form action=\"\/online\/wp-json\/wp\/v2\/pages\/979#wpcf7-f1705-o1\" method=\"post\" class=\"wpcf7-form init\" aria-label=\"Contact form\" novalidate=\"novalidate\" data-status=\"init\">\n<div style=\"display: none;\">\n<input type=\"hidden\" name=\"_wpcf7\" value=\"1705\" \/>\n<input type=\"hidden\" name=\"_wpcf7_version\" value=\"6.0.6\" \/>\n<input type=\"hidden\" name=\"_wpcf7_locale\" value=\"en_US\" \/>\n<input type=\"hidden\" name=\"_wpcf7_unit_tag\" value=\"wpcf7-f1705-o1\" \/>\n<input type=\"hidden\" name=\"_wpcf7_container_post\" value=\"0\" \/>\n<input type=\"hidden\" name=\"_wpcf7_posted_data_hash\" value=\"\" \/>\n<\/div>\n<div class=\"free_consultation\">\n\t<h2><font color=\"#fff\">Inviaci un messaggio<\/h2><\/font>\n\t<div class=\"row\">\n\t\t<div class=\"col-md-6 col-xs-12\">\n\t\t\t<div class=\"input-group\">\n\t\t\t\t<span class=\"wpcf7-form-control-wrap\" data-name=\"text-name\"><input size=\"40\" maxlength=\"400\" class=\"wpcf7-form-control wpcf7-text wpcf7-validates-as-required\" aria-required=\"true\" aria-invalid=\"false\" placeholder=\"Nome e Cognome\" value=\"\" type=\"text\" name=\"text-name\" \/><\/span>\n\t\t\t<\/div>\n\t\t<\/div>\n\t\t<div class=\"col-md-6 col-xs-12\">\n\t\t\t<div class=\"input-group\">\n\t\t\t\t<span class=\"wpcf7-form-control-wrap\" data-name=\"phone\"><input size=\"40\" maxlength=\"400\" class=\"wpcf7-form-control wpcf7-tel wpcf7-validates-as-required wpcf7-text wpcf7-validates-as-tel\" aria-required=\"true\" aria-invalid=\"false\" placeholder=\"Numero di telefono\" value=\"\" type=\"tel\" name=\"phone\" \/><\/span><\/br>\n\t\t\t<\/div>\n\t\t<\/div>\n\t\t<div class=\"col-md-12 col-xs-12\">\n\t\t\t<div class=\"input-group\">\n\t\t\t\t<span class=\"wpcf7-form-control-wrap\" data-name=\"email\"><input size=\"40\" maxlength=\"400\" class=\"wpcf7-form-control wpcf7-email wpcf7-validates-as-required wpcf7-text wpcf7-validates-as-email\" aria-required=\"true\" aria-invalid=\"false\" placeholder=\"E-mail\" value=\"\" type=\"email\" name=\"email\" \/><\/span>\n\t\t\t<\/div>\n\t\t<\/div>\n\t\t<div class=\"col-md-12 col-xs-12\">\n\t\t\t<div class=\"input-group\">\n\t\t\t\t<span class=\"wpcf7-form-control-wrap\" data-name=\"textarea\"><textarea cols=\"40\" rows=\"10\" maxlength=\"2000\" class=\"wpcf7-form-control wpcf7-textarea wpcf7-validates-as-required\" aria-required=\"true\" aria-invalid=\"false\" placeholder=\"Messaggio\" name=\"textarea\"><\/textarea><\/span>\n\t\t\t<\/div>\n\t\t<\/div>\n\t\t<div class=\"col-md-12 col-xs-12 \">\n\t\t\t<div class=\"input-group text-center\">\n\t\t\t\t<button type=\"submit\" class=\"vc_general vc_btn3 vc_btn3-size-md vc_btn3-shape-rounded vc_btn3-style-flat vc_btn3-icon-right vc_btn3-color-theme_style_1\">Invia <i class=\"vc_btn3-icon fa fa-chevron-right\"><\/i><\/button>\n\t\t\t<\/div>\n\t\t<\/div>\n\t<\/div>\n<\/div><div class=\"wpcf7-response-output\" aria-hidden=\"true\"><\/div>\n<\/form>\n<\/div>\n[\/vc_column_text][vc_empty_space][\/vc_column_inner][vc_column_inner width=&#8221;1\/3&#8243;][vc_empty_space][vc_custom_heading icon=&#8221;stm-horn&#8221; text=&#8221;Collabora con noi&#8221; font_container=&#8221;tag:h5|text_align:center|color:%23ffffff&#8221;][vc_empty_space][vc_column_text]<strong><span style=\"color: #ffffff;\">Anziani e non solo ha un team specializzato in progettazione. Siamo alla ricerca constante di nuove partnership per partecipare a bandi e programmi Europei.<\/span><\/strong>[\/vc_column_text][\/vc_column_inner][\/vc_row_inner][vc_empty_space][\/vc_column][\/vc_row]<\/p>\n<\/div>","protected":false},"excerpt":{"rendered":"<p>[vc_row css=&#8221;.vc_custom_1609864922630{margin-bottom: 0px !important;}&#8221;][vc_column][vc_separator][vc_row_inner equal_height=&#8221;yes&#8221; content_placement=&#8221;top&#8221; css=&#8221;.vc_custom_1750091665676{margin-right: 0px !important;}&#8221;][vc_column_inner width=&#8221;1\/4&#8243;][\/vc_column_inner][vc_column_inner width=&#8221;1\/2&#8243;][\/vc_column_inner][vc_column_inner width=&#8221;1\/4&#8243;][vc_wp_search][\/vc_column_inner][\/vc_row_inner][rev_slider_vc alias=&#8221;main_slider&#8221;][vc_empty_space][vc_custom_heading text=&#8221;Notizie ed eventi in primo piano&#8221;][vc_row_inner][vc_column_inner width=&#8221;1\/2&#8243;][vc_basic_grid post_type=&#8221;post&#8221; max_items=&#8221;1&#8243; style=&#8221;load-more&#8221; element_width=&#8221;12&#8243; item=&#8221;11782&#8243; grid_id=&#8221;vc_gid:1775116370125-5a915b88-6cdc-8&#8243; taxonomies=&#8221;538&#8243;][\/vc_column_inner][vc_column_inner width=&#8221;1\/2&#8243;][vc_basic_grid post_type=&#8221;post&#8221; max_items=&#8221;2&#8243; style=&#8221;load-more&#8221; element_width=&#8221;6&#8243; gap=&#8221;5&#8243; item=&#8221;11782&#8243; css=&#8221;.vc_custom_1750157361670{background-position: center !important;background-repeat: no-repeat !important;background-size: cover !important;}&#8221; grid_id=&#8221;vc_gid:1775116370126-a133e5d4-4f3d-0&#8243; el_class=&#8221;vc_grid-in-primo-piano&#8221; taxonomies=&#8221;178&#8243;][vc_btn title=&#8221;Vai a tutte le news&#8221; style=&#8221;outline&#8221; color=&#8221;theme_style_5&#8243; size=&#8221;lg&#8221; align=&#8221;right&#8221; i_type=&#8221;material&#8221; i_icon_material=&#8221;vc-material<\/p>\n","protected":false},"author":1,"featured_media":0,"parent":0,"menu_order":0,"comment_status":"closed","ping_status":"closed","template":"","meta":{"footnotes":""},"class_list":["post-979","page","type-page","status-publish","hentry"],"_links":{"self":[{"href":"https:\/\/www.anzianienonsolo.it\/online\/wp-json\/wp\/v2\/pages\/979"}],"collection":[{"href":"https:\/\/www.anzianienonsolo.it\/online\/wp-json\/wp\/v2\/pages"}],"about":[{"href":"https:\/\/www.anzianienonsolo.it\/online\/wp-json\/wp\/v2\/types\/page"}],"author":[{"embeddable":true,"href":"https:\/\/www.anzianienonsolo.it\/online\/wp-json\/wp\/v2\/users\/1"}],"replies":[{"embeddable":true,"href":"https:\/\/www.anzianienonsolo.it\/online\/wp-json\/wp\/v2\/comments?post=979"}],"version-history":[{"count":411,"href":"https:\/\/www.anzianienonsolo.it\/online\/wp-json\/wp\/v2\/pages\/979\/revisions"}],"predecessor-version":[{"id":13485,"href":"https:\/\/www.anzianienonsolo.it\/online\/wp-json\/wp\/v2\/pages\/979\/revisions\/13485"}],"wp:attachment":[{"href":"https:\/\/www.anzianienonsolo.it\/online\/wp-json\/wp\/v2\/media?parent=979"}],"curies":[{"name":"wp","href":"https:\/\/api.w.org\/{rel}","templated":true}]}}