{"id":894,"date":"2015-01-28T14:48:47","date_gmt":"2015-01-28T13:48:47","guid":{"rendered":"http:\/\/www.anzianienonsolo.it\/?page_id=894"},"modified":"2015-01-28T14:48:47","modified_gmt":"2015-01-28T13:48:47","slug":"corso-di-italiano-per-stranieri","status":"publish","type":"page","link":"https:\/\/www.anzianienonsolo.it\/online\/corsi-di-formazione\/corso-di-italiano-per-stranieri\/","title":{"rendered":"Corso di italiano per assistenti familiari straniere"},"content":{"rendered":"<p>Una buona conoscenza linguistica \u00e8 requisito essenziale per assicurare ai lavoratori stranieri opportunit\u00e0 di occupazione ed inserimento sociale. Questo \u00e8 ancora pi\u00f9 vero per chi si candida a lavorare nel settore dell\u2019assistenza familiare in cui l\u2019elevato livello di interazione con l\u2019utente, insieme al fatto di trovarsi spesso soli ad affrontare situazioni di emergenza o incombenze burocratiche per conto dell\u2019assistito, richiedono una solida conoscenza dell\u2019italiano.<br \/>\nAl contempo, l\u2019aspetto linguistico non pu\u00f2 che essere considerata che un pre-requisito, poich\u00e9 il lavoro di cura richiede anche una vasta gamma di conoscenze tecniche in ambito assistenziale. Allo scopo di integrare queste due importanti competenze, Anziani e non solo ha sviluppato un corso di italiano per assistenti familiari che utilizza l\u2019approccio del Vocationally Oriented Language Learning \u2013 VOLL (apprendimento linguistico orientato alla professione).<br \/>\n<strong>Corso di italiano per assistenti familiari<\/strong><br \/>\nAnziani e non solo, nell&#8217;ambito del progetto MINGLE ha sviluppato il corso per assistenti familiari della durata di 15 ore (5 moduli da 3 ore ciascuno) e pu\u00f2 essere fruito sia online a domanda individuale che in aula, in piccoli gruppi. In ottemperanza alla metodologia VOLL, nel corso per assistenti familiari:<br \/>\n&#8211; le diverse funzioni linguistiche (grammaticali, lessicali, ortografiche, di comprensione etc\u2026) sono tutte connesse all\u2019ambito professionale della cura<br \/>\n&#8211; tutte le attivit\u00e0 didattiche sono studiate per trasferire contenuti utili all\u2019ambito professionale (es. come ottenere una ricetta medica, come leggere le etichette dei capi di abbigliamento, la prevenzione delle piaghe da decubito etc\u2026)<br \/>\nIl corso \u00e8 studiato per partecipanti con un livello linguistico in entrata A2 e mira a far loro conseguire un livello B1.<br \/>\nAl termine del corso vengono forniti materiale didattico e attestato di partecipazione.<br \/>\n<strong>Il PROGETTO MINGLE  ha ottenuto il RICONOSCIMENTO DEL LABEL EUROPEO DELLE LINGUE 2014<\/strong><br \/>\n<strong>Per informazioni pi\u00f9 dettagliate, visita il sito <a href=\"http:\/\/formazione.anzianienonsolo.it\" target=\"_blank\" rel=\"noopener\">http:\/\/formazione.anzianienonsolo.it<\/a><\/strong> o mandaci una mail a <a href=\"mailto:info@anzianienonsolo.it\">info@anzianienonsolo.it<\/a><\/p>\n","protected":false},"excerpt":{"rendered":"<p>Una buona conoscenza linguistica \u00e8 requisito essenziale per assicurare ai lavoratori stranieri opportunit\u00e0 di occupazione ed inserimento sociale. Questo \u00e8 ancora pi\u00f9 vero per chi si candida a lavorare nel settore dell\u2019assistenza familiare in cui l\u2019elevato livello di interazione con l\u2019utente, insieme al fatto di trovarsi spesso soli ad affrontare situazioni di emergenza o incombenze<\/p>\n","protected":false},"author":1,"featured_media":0,"parent":864,"menu_order":0,"comment_status":"open","ping_status":"open","template":"page-template-fullwidth2.php","meta":{"footnotes":""},"categories":[],"tags":[],"class_list":["post-894","page","type-page","status-publish","hentry"],"_links":{"self":[{"href":"https:\/\/www.anzianienonsolo.it\/online\/wp-json\/wp\/v2\/pages\/894"}],"collection":[{"href":"https:\/\/www.anzianienonsolo.it\/online\/wp-json\/wp\/v2\/pages"}],"about":[{"href":"https:\/\/www.anzianienonsolo.it\/online\/wp-json\/wp\/v2\/types\/page"}],"author":[{"embeddable":true,"href":"https:\/\/www.anzianienonsolo.it\/online\/wp-json\/wp\/v2\/users\/1"}],"replies":[{"embeddable":true,"href":"https:\/\/www.anzianienonsolo.it\/online\/wp-json\/wp\/v2\/comments?post=894"}],"version-history":[{"count":0,"href":"https:\/\/www.anzianienonsolo.it\/online\/wp-json\/wp\/v2\/pages\/894\/revisions"}],"up":[{"embeddable":true,"href":"https:\/\/www.anzianienonsolo.it\/online\/wp-json\/wp\/v2\/pages\/864"}],"wp:attachment":[{"href":"https:\/\/www.anzianienonsolo.it\/online\/wp-json\/wp\/v2\/media?parent=894"}],"wp:term":[{"taxonomy":"category","embeddable":true,"href":"https:\/\/www.anzianienonsolo.it\/online\/wp-json\/wp\/v2\/categories?post=894"},{"taxonomy":"post_tag","embeddable":true,"href":"https:\/\/www.anzianienonsolo.it\/online\/wp-json\/wp\/v2\/tags?post=894"}],"curies":[{"name":"wp","href":"https:\/\/api.w.org\/{rel}","templated":true}]}}