{"id":880,"date":"2015-01-28T14:39:14","date_gmt":"2015-01-28T13:39:14","guid":{"rendered":"http:\/\/www.anzianienonsolo.it\/?page_id=880"},"modified":"2021-01-22T11:06:04","modified_gmt":"2021-01-22T10:06:04","slug":"corso-per-caregiver","status":"publish","type":"page","link":"https:\/\/www.anzianienonsolo.it\/online\/corsi-di-formazione\/corso-per-caregiver\/","title":{"rendered":"Corso per caregiver"},"content":{"rendered":"<p>Con il termine caregiver (o carer) familiare si intende una persona che assiste \u2013 senza alcun compenso \u2013 un proprio congiunto (un familiare, un amico\u2026) non in grado autonomamente di svolgere gli atti necessari alla vita quotidiana a causa dell\u2019et\u00e0, di una disabilit\u00e0, di una malattia.<br \/>\nQuasi sempre il familiare che diventa caregiver \u00e8 privo di preparazione specifica pur dovendo supportare in termini relazionali ed assistenziali persone prevalentemente non autosufficienti e con patologie sempre pi\u00f9 complesse. Oltre ad un impegno diretto, il caregiver familiare \u00e8 talvolta supportato da un\u2019assistente familiare (o badante) di cui diventa, direttamente o indirettamente, datore di lavoro.<br \/>\nIl corso \u00e8 fruibile con due modalit\u00e0 : on line o tramite DVD.<br \/>\nI materiali didattici possono essere utilizzati in autoformazione individuale o per corsi di gruppo (con il supporto di un facilitatore esperto).<br \/>\nI CONTENUTI:<br \/>\n<strong>PRIMO MODULO: IL RUOLO E LE PROBLEMATICHE DEL CAREGIVING&nbsp;<\/strong><br \/>\nCaregiver familiare: un ruolo ed un lavoro complesso<br \/>\nImpegno di cura: rischio stress e burn out<br \/>\nLa comunicazione e la relazione nella cura<br \/>\nLa tutela legale dell\u2019anziano<br \/>\nLa malattia ed il lutto<br \/>\nLa vita dopo la cura (postcaregiving)<br \/>\n<strong>SECONDO MODULO: CONOSCERE I SERVIZI ED ORGANIZZARE IL LAVORO DI CURA&nbsp;<\/strong><br \/>\nIl sistema dei servizi territoriali<br \/>\nBadanti ed assistenti familiari<br \/>\nIl caregiver come datore di lavoro<br \/>\nOrganizzare l\u2019attivit\u00e0 di cura<br \/>\nLa sicurezza domestica<br \/>\n<strong>TERZO MODULO: DARE ASSISTENZA ALLE FUNZIONI DI VITA QUOTIDIANA&nbsp;<\/strong><br \/>\nL\u2019igiene degli alimenti<br \/>\nL\u2019alimentazione<br \/>\nL\u2019igiene personale<br \/>\nL\u2019aiuto nel movimento e la mobilizzazione<br \/>\nLe patologie delle persone anziane<br \/>\nIl morbo di Alzheimer: attivit\u00e0 e relazione di cura<br \/>\nEmergenza sanitaria: primo soccorso<br \/>\n<strong>Per informazioni su costi ed iscrizioni vai alla&nbsp;<strong><a href=\"http:\/\/corso.caregiverfamiliare.it\/iscrizione-corso-caregiver-familiari\/\">pagina informativa del corso<\/a><\/strong>&nbsp;oppure contatta<br \/>\ninfo@anzianienonsolo.it<\/strong><br \/>\n<iframe width=\"420\" height=\"315\" src=\"\/\/www.youtube.com\/embed\/KB3jTTt7OOA\" frameborder=\"0\" allowfullscreen=\"\"><\/iframe><\/p>\n","protected":false},"excerpt":{"rendered":"<p>Con il termine caregiver (o carer) familiare si intende una persona che assiste \u2013 senza alcun compenso \u2013 un proprio congiunto (un familiare, un amico\u2026) non in grado autonomamente di svolgere gli atti necessari alla vita quotidiana a causa dell\u2019et\u00e0, di una disabilit\u00e0, di una malattia. Quasi sempre il familiare che diventa caregiver \u00e8 privo<\/p>\n","protected":false},"author":1,"featured_media":0,"parent":864,"menu_order":0,"comment_status":"closed","ping_status":"open","template":"","meta":{"footnotes":""},"categories":[],"tags":[],"class_list":["post-880","page","type-page","status-publish","hentry"],"_links":{"self":[{"href":"https:\/\/www.anzianienonsolo.it\/online\/wp-json\/wp\/v2\/pages\/880"}],"collection":[{"href":"https:\/\/www.anzianienonsolo.it\/online\/wp-json\/wp\/v2\/pages"}],"about":[{"href":"https:\/\/www.anzianienonsolo.it\/online\/wp-json\/wp\/v2\/types\/page"}],"author":[{"embeddable":true,"href":"https:\/\/www.anzianienonsolo.it\/online\/wp-json\/wp\/v2\/users\/1"}],"replies":[{"embeddable":true,"href":"https:\/\/www.anzianienonsolo.it\/online\/wp-json\/wp\/v2\/comments?post=880"}],"version-history":[{"count":1,"href":"https:\/\/www.anzianienonsolo.it\/online\/wp-json\/wp\/v2\/pages\/880\/revisions"}],"predecessor-version":[{"id":8132,"href":"https:\/\/www.anzianienonsolo.it\/online\/wp-json\/wp\/v2\/pages\/880\/revisions\/8132"}],"up":[{"embeddable":true,"href":"https:\/\/www.anzianienonsolo.it\/online\/wp-json\/wp\/v2\/pages\/864"}],"wp:attachment":[{"href":"https:\/\/www.anzianienonsolo.it\/online\/wp-json\/wp\/v2\/media?parent=880"}],"wp:term":[{"taxonomy":"category","embeddable":true,"href":"https:\/\/www.anzianienonsolo.it\/online\/wp-json\/wp\/v2\/categories?post=880"},{"taxonomy":"post_tag","embeddable":true,"href":"https:\/\/www.anzianienonsolo.it\/online\/wp-json\/wp\/v2\/tags?post=880"}],"curies":[{"name":"wp","href":"https:\/\/api.w.org\/{rel}","templated":true}]}}