{"id":8415,"date":"2021-04-08T09:18:31","date_gmt":"2021-04-08T07:18:31","guid":{"rendered":"https:\/\/www.anzianienonsolo.it\/online\/?page_id=8415"},"modified":"2021-04-08T09:18:33","modified_gmt":"2021-04-08T07:18:33","slug":"assistenti-familiari-badanti","status":"publish","type":"page","link":"https:\/\/www.anzianienonsolo.it\/online\/assistenti-familiari-badanti\/","title":{"rendered":"Assistenti familiari &#8211; badanti"},"content":{"rendered":"\n<p>Servizio di incontro domanda-offerta di lavoro di cura promosso dall&#8217;Unione delle<br>Terre d&#8217;Argine.<\/p>\n\n\n\n<p>La Cooperativa sociale \u201cAnziani e non solo\u201d, per conto dell\u2019Unione Terre d\u2019Argine si<br>occupa di<\/p>\n\n\n\n<ul class=\"wp-block-list\"><li>Raccogliere e supportare il familiare nella definizione dei bisogni di<br>assistenza a domicilio dei loro cari<\/li><li>Mettere in contatto le assistenti familiari formate&nbsp;con famiglie che cercano<br>assistenza per la cura di persone anziane, non autosufficienti o fragili<\/li><li>Facilitare l\u2019accesso degli assistenti familiari (badanti) a percorsi formativi<br>online e in presenza e di riconoscimento delle competenze a loro dedicati.<br>Lo sportello collabora con i principali Patronati e Centri servizi del territorio per la<br>contrattualizzazione regolare e per servizi del prospetto paga degli assistenti<br>familiari<\/li><\/ul>\n\n\n\n<p>Per informazioni o per prendere appuntamento per un colloquio gratuito<br>Anziani e non solo &#8211; Via Lenin, 55 &#8211; Carpi &#8211; Tel.\u00a03534145848\u00a0<br>Orario: luned\u00ec, mercoled\u00ec e venerd\u00ec dalle 09.00 alle 12.00\u00a0<br><a href=\"mailto:assistenzafamiliare@anzianienonsolo.it\">assistenzafamiliare@anzianienonsolo.it<\/a><\/p>\n","protected":false},"excerpt":{"rendered":"<p>Servizio di incontro domanda-offerta di lavoro di cura promosso dall&#8217;Unione delleTerre d&#8217;Argine. La Cooperativa sociale \u201cAnziani e non solo\u201d, per conto dell\u2019Unione Terre d\u2019Argine sioccupa di Raccogliere e supportare il familiare nella definizione dei bisogni diassistenza a domicilio dei loro cari Mettere in contatto le assistenti familiari formate&nbsp;con famiglie che cercanoassistenza per la cura di<\/p>\n","protected":false},"author":1,"featured_media":0,"parent":0,"menu_order":0,"comment_status":"closed","ping_status":"closed","template":"","meta":{"footnotes":""},"categories":[],"tags":[],"class_list":["post-8415","page","type-page","status-publish","hentry"],"_links":{"self":[{"href":"https:\/\/www.anzianienonsolo.it\/online\/wp-json\/wp\/v2\/pages\/8415"}],"collection":[{"href":"https:\/\/www.anzianienonsolo.it\/online\/wp-json\/wp\/v2\/pages"}],"about":[{"href":"https:\/\/www.anzianienonsolo.it\/online\/wp-json\/wp\/v2\/types\/page"}],"author":[{"embeddable":true,"href":"https:\/\/www.anzianienonsolo.it\/online\/wp-json\/wp\/v2\/users\/1"}],"replies":[{"embeddable":true,"href":"https:\/\/www.anzianienonsolo.it\/online\/wp-json\/wp\/v2\/comments?post=8415"}],"version-history":[{"count":1,"href":"https:\/\/www.anzianienonsolo.it\/online\/wp-json\/wp\/v2\/pages\/8415\/revisions"}],"predecessor-version":[{"id":8416,"href":"https:\/\/www.anzianienonsolo.it\/online\/wp-json\/wp\/v2\/pages\/8415\/revisions\/8416"}],"wp:attachment":[{"href":"https:\/\/www.anzianienonsolo.it\/online\/wp-json\/wp\/v2\/media?parent=8415"}],"wp:term":[{"taxonomy":"category","embeddable":true,"href":"https:\/\/www.anzianienonsolo.it\/online\/wp-json\/wp\/v2\/categories?post=8415"},{"taxonomy":"post_tag","embeddable":true,"href":"https:\/\/www.anzianienonsolo.it\/online\/wp-json\/wp\/v2\/tags?post=8415"}],"curies":[{"name":"wp","href":"https:\/\/api.w.org\/{rel}","templated":true}]}}