{"id":8127,"date":"2015-01-28T14:43:22","date_gmt":"2015-01-28T13:43:22","guid":{"rendered":"http:\/\/www.anzianienonsolo.it\/?page_id=885"},"modified":"2021-01-22T11:21:43","modified_gmt":"2021-01-22T10:21:43","slug":"corso-per-assistenti-familiari","status":"publish","type":"page","link":"https:\/\/www.anzianienonsolo.it\/online\/corsi-di-formazione\/corso-per-assistenti-familiari\/","title":{"rendered":"Corso per assistenti familiari"},"content":{"rendered":"<p>La piattaforma Aspasia, realizzato dal Anziani e non solo, \u00e8 un sistema per la formazione a distanza rivolto al settore sociale e dei servizi alla persona. Realizzato con particolare attenzione all\u2019utilizzo da parte di persone poco esperte all\u2019uso delle nuove tecnologie, si compone di corsi audio e video, test di valutazione, esercitazioni ed \u00e8 strutturato in modo da rendere semplice e immediato il contatto e il confronto con i docenti, anche a distanza.<br \/>\nLa piattaforma pu\u00f2 essere altres\u00ec utilizzata per la realizzazione di corsi in modalit\u00e0 blended (ovvero corsi in cui sono integrati e-learning e formazione in presenza).<\/p>\n<h2>I corsi disponibili:<\/h2>\n<h3>Corsi per Assistenti familiari<\/h3>\n<p>Il sistema ASPASIA di formazione per assistenti familiari si compone di:<br \/>\nDodici moduli formativi che coprono le principali aree trasversali e tecnico professionale per qualificare il lavoro di cura dell\u2019assistente familiare, come definito dai profili professionali formulati dalle Regioni.<br \/>\nI moduli, articolati in venti unit\u00e0 didattiche sono fruibili attraverso sei DVD e un lettore portatile fornito come ausilio didattico. La struttura multimediale delle unit\u00e0 didattiche \u00e8 costituita da dispositive elettroniche (slide) con testo, grafica, immagini, animazione e commento sonoro in lingua italiana (per migliorare la conoscenza della lingua negli aspetti professionali). Come materiale di approfondimento sono previsti videoclip e video esercizi sulle tematiche della pratica professionale, glossario tecnico professionale multilingue (italiano, inglese, francese, spagnolo, russo, polacco e rumeno ) comprendente 252 termini. Viene fornito anche un diario di lavoro dell\u2019assistente familiare per programmare settimanalmente le attivit\u00e0 e comunicare in modo assistito con la famiglia e i servizi e un manuale didattico contenente i testi del commento sonoro delle unit\u00e0 didattiche in sei lingue (italiano, inglese, francese, spagnolo, russo e polacco.<\/p>\n<h3>Corsi per Operatori di Sportello per incontro domanda\/offerta di lavoro di cura<\/h3>\n<p>Il sistema Aspasia ha attivato specifici corsi on line per operatori di sportello sportello sociale e per l\u2019incontro domanda \u2013 offerta di lavoro e di formazione formatori.<br \/>\nCorsi per operatori:<br \/>\n&#8211; La societ\u00e0 dell\u2019invecchiamento<br \/>\n&#8211; Welfare di Comunit\u00e0<br \/>\n&#8211; La legge 328\/2000<br \/>\n&#8211; Le assistenti familiari\/badanti<br \/>\n&#8211; Il lavoro privato di cura<br \/>\n&#8211; La rete dei Servizi<br \/>\n&#8211; Incontro Domanda\/offerta di lavoro<br \/>\n&#8211; Il rapporto di lavoro delle Assistenti Familiari<br \/>\n&#8211; Il centro servizi<br \/>\n&#8211; La comunicazione allo sportello<br \/>\n&#8211; Guida agli applicativi (Toolkit incontro domanda \u2013 offerta di lavoro)<br \/>\nCorsi per formatori:<br \/>\n&#8211; La societ\u00e0 dell\u2019invecchiamento<br \/>\n&#8211; Welfare di Comunit\u00e0<br \/>\n&#8211; Il lavoro di cura<br \/>\n&#8211; La rete dei Servizi<br \/>\n&#8211; Domiciliarit\u00e0<br \/>\n&#8211; Incontro Domanda\/offerta<br \/>\n&#8211; Il progetto Aspasia<br \/>\n&#8211; L\u2019auto-formazione per Assistenti Familiari<br \/>\n&#8211; La docenza nel corso Aspasia<br \/>\n&#8211; Validare le competenze informali degli assistenti familiari<br \/>\n<strong>Per informazioni pi\u00f9 dettagliate, scrivi<\/strong>\u00a0a <a href=\"mailto:info@anzianienonsolo.it\">info@anzianienonsolo.it<\/a><\/p>\n","protected":false},"excerpt":{"rendered":"<p>La piattaforma Aspasia, realizzato dal Anziani e non solo, \u00e8 un sistema per la formazione a distanza rivolto al settore sociale e dei servizi alla persona. Realizzato con particolare attenzione all\u2019utilizzo da parte di persone poco esperte all\u2019uso delle nuove tecnologie, si compone di corsi audio e video, test di valutazione, esercitazioni ed \u00e8 strutturato<\/p>\n","protected":false},"author":1,"featured_media":0,"parent":864,"menu_order":0,"comment_status":"closed","ping_status":"open","template":"","meta":{"footnotes":""},"categories":[],"tags":[],"class_list":["post-8127","page","type-page","status-publish","hentry"],"_links":{"self":[{"href":"https:\/\/www.anzianienonsolo.it\/online\/wp-json\/wp\/v2\/pages\/8127"}],"collection":[{"href":"https:\/\/www.anzianienonsolo.it\/online\/wp-json\/wp\/v2\/pages"}],"about":[{"href":"https:\/\/www.anzianienonsolo.it\/online\/wp-json\/wp\/v2\/types\/page"}],"author":[{"embeddable":true,"href":"https:\/\/www.anzianienonsolo.it\/online\/wp-json\/wp\/v2\/users\/1"}],"replies":[{"embeddable":true,"href":"https:\/\/www.anzianienonsolo.it\/online\/wp-json\/wp\/v2\/comments?post=8127"}],"version-history":[{"count":1,"href":"https:\/\/www.anzianienonsolo.it\/online\/wp-json\/wp\/v2\/pages\/8127\/revisions"}],"predecessor-version":[{"id":8146,"href":"https:\/\/www.anzianienonsolo.it\/online\/wp-json\/wp\/v2\/pages\/8127\/revisions\/8146"}],"up":[{"embeddable":true,"href":"https:\/\/www.anzianienonsolo.it\/online\/wp-json\/wp\/v2\/pages\/864"}],"wp:attachment":[{"href":"https:\/\/www.anzianienonsolo.it\/online\/wp-json\/wp\/v2\/media?parent=8127"}],"wp:term":[{"taxonomy":"category","embeddable":true,"href":"https:\/\/www.anzianienonsolo.it\/online\/wp-json\/wp\/v2\/categories?post=8127"},{"taxonomy":"post_tag","embeddable":true,"href":"https:\/\/www.anzianienonsolo.it\/online\/wp-json\/wp\/v2\/tags?post=8127"}],"curies":[{"name":"wp","href":"https:\/\/api.w.org\/{rel}","templated":true}]}}