{"id":7949,"date":"2021-01-18T17:46:05","date_gmt":"2021-01-18T16:46:05","guid":{"rendered":"http:\/\/www.anzianienonsolo.it\/online\/?page_id=7949"},"modified":"2023-11-02T17:45:37","modified_gmt":"2023-11-02T16:45:37","slug":"dichiarazioni-anticipate-di-trattamento","status":"publish","type":"page","link":"https:\/\/www.anzianienonsolo.it\/online\/dichiarazioni-anticipate-di-trattamento\/","title":{"rendered":"Dichiarazioni anticipate di trattamento"},"content":{"rendered":"\n<p class=\"has-small-font-size\">Le disposizioni anticipate di trattamento, comunemente definite &#8220;testamento biologico&#8221; o &#8220;biotestamento&#8221;, sono regolamentate dall\u2019art. 4 della Legge 219 del 22 dicembre 2017, entrata in vigore il 31 gennaio 2018.<br><br>In previsione di un&#8217;eventuale futura incapacit\u00e0 di autodeterminarsi e dopo avere acquisito adeguate informazioni mediche sulle conseguenze delle proprie scelte, la Legge prevede la possibilit\u00e0 per ogni persona di esprimere le proprie volont\u00e0 in materia di trattamenti sanitari, nonch\u00e9 il consenso o il rifiuto su:<br>-accertamenti diagnostici <br>-scelte terapeutiche<br>-singoli trattamenti sanitari<\/p>\n\n\n\n<p class=\"has-small-font-size\">Per saperne di pi\u00f9 leggi la <a href=\"http:\/\/www.salute.gov.it\/portale\/dat\/dettaglioContenutiDat.jsp?lingua=italiano&amp;id=4954&amp;area=dat&amp;menu=vuoto\" target=\"_blank\" rel=\"noreferrer noopener\">scheda del Ministero della Salute<\/a><\/p>\n\n\n\n<hr class=\"wp-block-separator has-css-opacity\"\/>\n\n\n\n<h2 class=\"wp-block-heading\"><mark style=\"background-color:rgba(0, 0, 0, 0)\" class=\"has-inline-color has-vivid-cyan-blue-color\">Uffici anagrafe<\/mark><\/h2>\n\n\n\n<p class=\"has-small-font-size\">Per depositare la propria DAT il cittadino deve rivolgersi agli uffici comunali. <br><br>Informazioni e modulistica:<br><a rel=\"noreferrer noopener\" href=\"https:\/\/www.comune.campogalliano.mo.it\/servizi-al-cittadino\/uffici-demografici\/314-stato-civile\/978-dat\" target=\"_blank\">Ufficio di Campogalliano<\/a><br><a rel=\"noreferrer noopener\" href=\"https:\/\/www.comune.carpi.mo.it\/turismo\/10722-il-comune\/uffici-e-servizi\/anagrafe-e-documenti\/72804-ufficio-stato-civile\" target=\"_blank\">Ufficio di Carpi<\/a><br><a rel=\"noreferrer noopener\" href=\"https:\/\/www.comune.novi.mo.it\/index.php\/comunicazione-e-partecipazione\/avvisi-ai-cittadini\/797-testamento-biologico\" target=\"_blank\">Ufficio di Novi di Modena<\/a><br><a rel=\"noreferrer noopener\" href=\"https:\/\/www.comune.soliera.mo.it\/servizi-al-cittadino\/ufficio-relazioni-con-il-pubblico\/295-stato-civile\/6188-disposizioni-anticipate-di-trattamento-dat\" target=\"_blank\">Ufficio di Soliera<\/a><br><\/p>\n\n\n\n<hr class=\"wp-block-separator has-alpha-channel-opacity\"\/>\n\n\n\n<h2 class=\"wp-block-heading has-vivid-cyan-blue-color has-text-color\">Io so quindi scelgo<\/h2>\n\n\n\n<p class=\"has-small-font-size\">L\u2019Associazione Zero K mette a disposizione del cittadino un servizio di informazione e consulenza sui diritti e gli strumenti previsti dalla Legge n.219\/2017: \u201cNorme in materia di consenso informato e di disposizioni anticipate di trattamento\u201d. E&#8217; possibile prendere appuntamento tramite <a href=\"https:\/\/associazionezerok.it\/sportello-io-so-quindi-scelgo\/prenotazione-sportello-etico\/\">questo link. <\/a><\/p>\n","protected":false},"excerpt":{"rendered":"<p>Le disposizioni anticipate di trattamento, comunemente definite &#8220;testamento biologico&#8221; o &#8220;biotestamento&#8221;, sono regolamentate dall\u2019art. 4 della Legge 219 del 22 dicembre 2017, entrata in vigore il 31 gennaio 2018. In previsione di un&#8217;eventuale futura incapacit\u00e0 di autodeterminarsi e dopo avere acquisito adeguate informazioni mediche sulle conseguenze delle proprie scelte, la Legge prevede la possibilit\u00e0 per<\/p>\n","protected":false},"author":1,"featured_media":0,"parent":0,"menu_order":0,"comment_status":"closed","ping_status":"closed","template":"","meta":{"footnotes":""},"categories":[],"tags":[],"class_list":["post-7949","page","type-page","status-publish","hentry"],"_links":{"self":[{"href":"https:\/\/www.anzianienonsolo.it\/online\/wp-json\/wp\/v2\/pages\/7949"}],"collection":[{"href":"https:\/\/www.anzianienonsolo.it\/online\/wp-json\/wp\/v2\/pages"}],"about":[{"href":"https:\/\/www.anzianienonsolo.it\/online\/wp-json\/wp\/v2\/types\/page"}],"author":[{"embeddable":true,"href":"https:\/\/www.anzianienonsolo.it\/online\/wp-json\/wp\/v2\/users\/1"}],"replies":[{"embeddable":true,"href":"https:\/\/www.anzianienonsolo.it\/online\/wp-json\/wp\/v2\/comments?post=7949"}],"version-history":[{"count":2,"href":"https:\/\/www.anzianienonsolo.it\/online\/wp-json\/wp\/v2\/pages\/7949\/revisions"}],"predecessor-version":[{"id":10469,"href":"https:\/\/www.anzianienonsolo.it\/online\/wp-json\/wp\/v2\/pages\/7949\/revisions\/10469"}],"wp:attachment":[{"href":"https:\/\/www.anzianienonsolo.it\/online\/wp-json\/wp\/v2\/media?parent=7949"}],"wp:term":[{"taxonomy":"category","embeddable":true,"href":"https:\/\/www.anzianienonsolo.it\/online\/wp-json\/wp\/v2\/categories?post=7949"},{"taxonomy":"post_tag","embeddable":true,"href":"https:\/\/www.anzianienonsolo.it\/online\/wp-json\/wp\/v2\/tags?post=7949"}],"curies":[{"name":"wp","href":"https:\/\/api.w.org\/{rel}","templated":true}]}}