{"id":7945,"date":"2021-01-18T17:44:31","date_gmt":"2021-01-18T16:44:31","guid":{"rendered":"http:\/\/www.anzianienonsolo.it\/online\/?page_id=7945"},"modified":"2021-04-08T10:15:26","modified_gmt":"2021-04-08T08:15:26","slug":"servizi-di-sollievo","status":"publish","type":"page","link":"https:\/\/www.anzianienonsolo.it\/online\/servizi-di-sollievo\/","title":{"rendered":"SERVIZI DI SOLLIEVO"},"content":{"rendered":"\n<div class=\"wp-block-button\"><a class=\"wp-block-button__link has-background has-vivid-red-background-color\" href=\"https:\/\/www.anzianienonsolo.it\/servizi-per-i-caregiver\/\">Torna al dashboard<\/a><\/div>\n\n\n\n<hr class=\"wp-block-separator\"\/>\n\n\n\n<h2 class=\"wp-block-heading\"><span class=\"has-inline-color has-vivid-cyan-blue-color\">Unione delle Terre d&#8217;Argine<\/span><\/h2>\n\n\n\n<p class=\"has-small-font-size\">Per i servizi di sollievo promossi dall&#8217;Unione delle Terre d&#8217;Argine contattare i servizi sociali territoriali: <em><a href=\"https:\/\/www.terredargine.it\/amministrazione\/struttura-organizzativa\/sedi-orari\/servizi-sociali\" target=\"_blank\" rel=\"noreferrer noopener\">Vai alla scheda<\/a><\/em><\/p>\n\n\n\n<h2 class=\"wp-block-heading\"><strong><span class=\"has-inline-color has-vivid-cyan-blue-color\">SOLLIEVO A DOMICILIO PER CAREGIVER FAMILIARI\u00a0<\/span><\/strong><\/h2>\n\n\n\n<p>La cooperativa sociale \u201cAnziani e non solo\u201d per conto dell\u2019Unione delle terre d\u2019Argine organizza, con la collaborazione delle Agenzie per il Lavoro convenzionate (Umana e Synergie), un servizio di sollievo a domicilio per i familiari che necessitano di supporto per alleviare il loro carico di cura.<\/p>\n\n\n\n<p>In base ad indicazioni di priorit\u00e0 fornite dai Servizi sociali, e in relazione ai bisogni rilevati e alle condizioni assistenziali specifiche&nbsp;&nbsp;sar\u00e0 organizzato unintervento programmato a domicilio di personale appositamente formato e selezionato, ci\u00f2&nbsp;&nbsp;per consentire al caregiver familiare di essere sollevato dall\u2019impegno di cura.<\/p>\n\n\n\n<ul class=\"wp-block-list\"><li>Per una boccata d\u2019aria (4 ore settimanali)<\/li><li>Per un week end<\/li><li>Per un periodo di recupero e ferie<\/li><\/ul>\n\n\n\n<p><strong>Per informazioni&nbsp;&nbsp;e richieste&nbsp;<\/strong><br>Anziani e non solo &#8211; Via Lenin, 55 &#8211; Carpi &#8211; Tel.&nbsp;3534145848&nbsp;<br>Orario: luned\u00ec, mercoled\u00ec e venerd\u00ec dalle 09.00 alle 12.00&nbsp;<br><a href=\"mailto:assistenzafamiliare@anzianienonsolo.it\">assistenzafamiliare@anzianienonsolo.it<\/a>&nbsp;<\/p>\n\n\n\n<hr class=\"wp-block-separator\"\/>\n\n\n\n<h2 class=\"wp-block-heading\"><span class=\"has-inline-color has-vivid-cyan-blue-color\">GAFA<\/span><\/h2>\n\n\n\n<p class=\"has-small-font-size\">Dal 2001, grazie al contributo della Fondazione Cassa di Risparmio di Carpi, il GAFA porta avanti il progetto \u201cOre di sollievo\u201d: ore di assistenza domiciliare gratuita ad opera di O.S. che l\u2019associazione offre a famiglie di persone con <strong>demenza <\/strong>che devono un particolare stato di necessit\u00e0, dopo valutazione da parte di uno psicologo<br><br>Sede: presso CdV \u2013 Fondazione Casa del Volontariato<br>viale Peruzzi 22 \u2013 tel. 349\/5928342<br>marted\u00ec, gioved\u00ec e venerd\u00ec su appuntamento dalle 16.00 alle 18.30<br>info@gafal.it&nbsp;&nbsp;&nbsp;<br>Facebook: https:\/\/it-it.facebook.com\/GAFACARPI\/<br>www.gafal.it<\/p>\n\n\n\n<hr class=\"wp-block-separator\"\/>\n\n\n\n<h2 class=\"wp-block-heading\"><span class=\"has-inline-color has-vivid-cyan-blue-color\">Anziani in rete<\/span><\/h2>\n\n\n\n<p class=\"has-small-font-size\">L\u2019Associazione Anziani in Rete effettua visite domiciliari per fare <strong>compagnia <\/strong>ad <strong>anziani soli<\/strong>. Il servizio \u00e8 gratuito ma deve essere programmato e concordato con l\u2019associazione.<br><br>Associazione Anziani in Rete<br>Sede sociale: c\/o Casa del Volontariato di Carpi, Viale Peruzzi, 22 Ufficio n. 6 C \u2013 Carpi<br>Tel. 059 685910 \u2013 E-mail:&nbsp;<a href=\"mailto:anzianiinrete@virgilio.it\">anzianiinrete@virgilio.it<\/a>&nbsp;<br><br>L\u2019associazione opera attraverso gruppi di volontariato presenti nei diversi quartieri.<br><strong>Carpi Sud<\/strong>: Il Faro, c\/o Centro di Promozione sociale Gorizia, Via Cuneo 51 \u2013 Carpi. Tel. 059 6229079<br><strong>Carpi Centro:&nbsp;<\/strong>Il Ponte, c\/o Centro Sociale Bruno Losi, Via Medaglie D\u2019Oro, 2 \u2013 Carpi. Tel. 059 652290 o 331 1343383<br><strong>Cibeno:<\/strong>&nbsp;L\u2019Ancora, c\/o Centro Sociale Cibeno Pile, Via Lago D\u2019Orta 2 \u2013 Carpi. Tel. 059 6311049 o 331 5352615<\/p>\n\n\n\n<hr class=\"wp-block-separator\"\/>\n\n\n\n<h2 class=\"wp-block-heading\"><span class=\"has-inline-color has-vivid-cyan-blue-color\">Tesoro Nascosto<\/span><\/h2>\n\n\n\n<p class=\"has-small-font-size\">L\u2019Associazione il Tesoro Nascosto promuove il progetto Tempo Liberabile per offrire in orario pomeridiano ai <strong>ragazzi disabili in et\u00e0 scolare<\/strong>, attivit\u00e0 ludiche integrate con i coetanei non disabili lasciando, al contempo, tempo libero per i genitori <br><br>Per informazioni: Daniela Gasparini, telefono 333 8141825.<br>Il Tesoro Nascosto \u2013 Associazione genitori figli con handicap<br>c\/o Casa del Volontariato di Carpi, Viale Peruzzi, 22<br>Ufficio n. 16 A \u2013 Carpi<br>Tel. 333 8141825<br>E-mail:&nbsp;<a href=\"mailto:info@iltesoronascosto.org\">info@iltesoronascosto.org<\/a>&nbsp;Sito internet: www.iltesoronascosto.org<\/p>\n\n\n\n<hr class=\"wp-block-separator\"\/>\n\n\n\n<h2 class=\"wp-block-heading\"><span class=\"has-inline-color has-vivid-cyan-blue-color\">AVO<\/span><\/h2>\n\n\n\n<p class=\"has-small-font-size\">L\u2019Associazione Volontari Ospedalieri &#8211; AVO gratuitamente presta servizi<br>di compagnia, ascolto e aiuto nel momento dei pasti a persone ricoverate presso l\u2019<strong>Ospedale Ramazzini di Carpi<\/strong> non in grado di alimentarsi autonomamente.<br><br>Per informazioni telefonare ai numeri 059 659432 &#8211; 059 659111 (centralino<br>ospedale), 342 3583701 (Presidente)<\/p>\n","protected":false},"excerpt":{"rendered":"<p>Torna al dashboard Unione delle Terre d&#8217;Argine Per i servizi di sollievo promossi dall&#8217;Unione delle Terre d&#8217;Argine contattare i servizi sociali territoriali: Vai alla scheda SOLLIEVO A DOMICILIO PER CAREGIVER FAMILIARI\u00a0 La cooperativa sociale \u201cAnziani e non solo\u201d per conto dell\u2019Unione delle terre d\u2019Argine organizza, con la collaborazione delle Agenzie per il Lavoro convenzionate (Umana<\/p>\n","protected":false},"author":1,"featured_media":0,"parent":0,"menu_order":0,"comment_status":"closed","ping_status":"closed","template":"","meta":{"footnotes":""},"categories":[],"tags":[],"class_list":["post-7945","page","type-page","status-publish","hentry"],"_links":{"self":[{"href":"https:\/\/www.anzianienonsolo.it\/online\/wp-json\/wp\/v2\/pages\/7945"}],"collection":[{"href":"https:\/\/www.anzianienonsolo.it\/online\/wp-json\/wp\/v2\/pages"}],"about":[{"href":"https:\/\/www.anzianienonsolo.it\/online\/wp-json\/wp\/v2\/types\/page"}],"author":[{"embeddable":true,"href":"https:\/\/www.anzianienonsolo.it\/online\/wp-json\/wp\/v2\/users\/1"}],"replies":[{"embeddable":true,"href":"https:\/\/www.anzianienonsolo.it\/online\/wp-json\/wp\/v2\/comments?post=7945"}],"version-history":[{"count":3,"href":"https:\/\/www.anzianienonsolo.it\/online\/wp-json\/wp\/v2\/pages\/7945\/revisions"}],"predecessor-version":[{"id":8438,"href":"https:\/\/www.anzianienonsolo.it\/online\/wp-json\/wp\/v2\/pages\/7945\/revisions\/8438"}],"wp:attachment":[{"href":"https:\/\/www.anzianienonsolo.it\/online\/wp-json\/wp\/v2\/media?parent=7945"}],"wp:term":[{"taxonomy":"category","embeddable":true,"href":"https:\/\/www.anzianienonsolo.it\/online\/wp-json\/wp\/v2\/categories?post=7945"},{"taxonomy":"post_tag","embeddable":true,"href":"https:\/\/www.anzianienonsolo.it\/online\/wp-json\/wp\/v2\/tags?post=7945"}],"curies":[{"name":"wp","href":"https:\/\/api.w.org\/{rel}","templated":true}]}}