{"id":7943,"date":"2021-01-18T17:43:44","date_gmt":"2021-01-18T16:43:44","guid":{"rendered":"http:\/\/www.anzianienonsolo.it\/online\/?page_id=7943"},"modified":"2021-04-08T09:42:59","modified_gmt":"2021-04-08T07:42:59","slug":"gruppi-di-automutuo-aiuto","status":"publish","type":"page","link":"https:\/\/www.anzianienonsolo.it\/online\/gruppi-di-automutuo-aiuto\/","title":{"rendered":"AMA &#8211; Gruppi di Auto Mutuo Aiuto"},"content":{"rendered":"\n<div class=\"wp-block-button\"><a class=\"wp-block-button__link has-background has-vivid-red-background-color\" href=\"https:\/\/www.anzianienonsolo.it\/servizi-per-i-caregiver\/\">Torna al dashboard<\/a><\/div>\n\n\n\n<hr class=\"wp-block-separator\"\/>\n\n\n\n<h2 class=\"wp-block-heading\"><span class=\"has-inline-color has-vivid-cyan-blue-color\">Anziani e non solo<\/span><\/h2>\n\n\n\n<p> La Cooperativa sociale \u201cAnziani e non solo\u201d per conto dell\u2019Unione delle Terre<br>d\u2019Argine\u201d realizza un progetto che intende favorire la formazione di\u00a0gruppi di<br>familiari di persone anziane non autosufficienti e fragili e che si incontrano<br>(online) per condividere momenti di informazione e di sostegno<br>\u00a0<br>A CHI SI RIVOLGE:<\/p>\n\n\n\n<ul class=\"wp-block-list\"><li>a persone impegnate nella cura a domicilio di soggetti anziani, fragili e non<br>autosufficienti<\/li><li>residenti nei territori dell&#8217;Unione Terre d&#8217;Argine: Carpi, Campogalliano, Soliera,<br>Novi di Modena<br>&nbsp;<br>Ad ogni incontro, \u00e8 presente un&nbsp;&#8220;facilitatore della comunicazione&#8221;&nbsp;con il compito<br>di coadiuvare il gruppo.<br>&nbsp;<br>Per informazioni<br>Anziani e non solo &#8211; Via Lenin, 55 &#8211; Carpi &#8211; Tel.&nbsp;3534145848&nbsp;<br>Orario: luned\u00ec, mercoled\u00ec e venerd\u00ec dalle 09.00 alle 12.00&nbsp;<br>assistenzafamiliare@anzianienonsolo.it<\/li><\/ul>\n\n\n\n<p class=\"has-small-font-size\"><\/p>\n\n\n\n<hr class=\"wp-block-separator\"\/>\n\n\n\n<h2 class=\"wp-block-heading\"><span class=\"has-inline-color has-vivid-cyan-blue-color\">GAFA<\/span><\/h2>\n\n\n\n<p class=\"has-small-font-size\">Promuove gruppi di auto-aiuto tra familiari di pazienti con <strong>demenza <\/strong>coordinati da uno psicologo<br>&nbsp;<br>Sede: presso CdV \u2013 Fondazione Casa del Volontariato<br>viale Peruzzi 22 \u2013 tel. 349\/5928342<br>marted\u00ec, gioved\u00ec e venerd\u00ec su appuntamento dalle 16.00 alle 18.30<br>info@gafal.it&nbsp;&nbsp;&nbsp;<br>Facebook: https:\/\/it-it.facebook.com\/GAFACARPI\/<br>www.gafal.it<\/p>\n\n\n\n<hr class=\"wp-block-separator\"\/>\n\n\n\n<h2 class=\"wp-block-heading\"><span class=\"has-inline-color has-vivid-cyan-blue-color\">Al di l\u00e0 del muro<\/span><\/h2>\n\n\n\n<p class=\"has-small-font-size\">Organizza Gruppi A.M.A. per familiari di <strong>malati psichici<\/strong><br>Ai gruppi si accede previo colloquio (contattare l\u2019associazione).<br><br>Associazione \u201cAl di l\u00e0 del muro\u201d (Associazione Familiari e Amici a Sostegno della Malattia Mentale)<br>c\/o Casa del Volontariato di Carpi, Viale Peruzzi, 22<br>Ufficio n. 20 &#8211; Carpi<br>Tel. 059 8754059 &#8211; 392 8885291<br>E-mail: associazione.aldiladelmuro@gmail.com <br>Sito internet: <a href=\"https:\/\/aldiladelmuro.webnode.it\/\">https:\/\/aldiladelmuro.webnode.it\/<\/a><\/p>\n\n\n\n<p><br><\/p>\n","protected":false},"excerpt":{"rendered":"<p>Torna al dashboard Anziani e non solo La Cooperativa sociale \u201cAnziani e non solo\u201d per conto dell\u2019Unione delle Terred\u2019Argine\u201d realizza un progetto che intende favorire la formazione di\u00a0gruppi difamiliari di persone anziane non autosufficienti e fragili e che si incontrano(online) per condividere momenti di informazione e di sostegno\u00a0A CHI SI RIVOLGE: a persone impegnate nella<\/p>\n","protected":false},"author":1,"featured_media":0,"parent":0,"menu_order":0,"comment_status":"closed","ping_status":"closed","template":"","meta":{"footnotes":""},"categories":[],"tags":[],"class_list":["post-7943","page","type-page","status-publish","hentry"],"_links":{"self":[{"href":"https:\/\/www.anzianienonsolo.it\/online\/wp-json\/wp\/v2\/pages\/7943"}],"collection":[{"href":"https:\/\/www.anzianienonsolo.it\/online\/wp-json\/wp\/v2\/pages"}],"about":[{"href":"https:\/\/www.anzianienonsolo.it\/online\/wp-json\/wp\/v2\/types\/page"}],"author":[{"embeddable":true,"href":"https:\/\/www.anzianienonsolo.it\/online\/wp-json\/wp\/v2\/users\/1"}],"replies":[{"embeddable":true,"href":"https:\/\/www.anzianienonsolo.it\/online\/wp-json\/wp\/v2\/comments?post=7943"}],"version-history":[{"count":2,"href":"https:\/\/www.anzianienonsolo.it\/online\/wp-json\/wp\/v2\/pages\/7943\/revisions"}],"predecessor-version":[{"id":8424,"href":"https:\/\/www.anzianienonsolo.it\/online\/wp-json\/wp\/v2\/pages\/7943\/revisions\/8424"}],"wp:attachment":[{"href":"https:\/\/www.anzianienonsolo.it\/online\/wp-json\/wp\/v2\/media?parent=7943"}],"wp:term":[{"taxonomy":"category","embeddable":true,"href":"https:\/\/www.anzianienonsolo.it\/online\/wp-json\/wp\/v2\/categories?post=7943"},{"taxonomy":"post_tag","embeddable":true,"href":"https:\/\/www.anzianienonsolo.it\/online\/wp-json\/wp\/v2\/tags?post=7943"}],"curies":[{"name":"wp","href":"https:\/\/api.w.org\/{rel}","templated":true}]}}