{"id":7941,"date":"2021-01-18T17:42:42","date_gmt":"2021-01-18T16:42:42","guid":{"rendered":"http:\/\/www.anzianienonsolo.it\/online\/?page_id=7941"},"modified":"2021-04-08T09:58:53","modified_gmt":"2021-04-08T07:58:53","slug":"opportunita-formative","status":"publish","type":"page","link":"https:\/\/www.anzianienonsolo.it\/online\/opportunita-formative\/","title":{"rendered":"Opportunit\u00e0 formative\/corsi di formazione per caregiver"},"content":{"rendered":"\n<div class=\"wp-block-button\"><a class=\"wp-block-button__link has-background has-vivid-red-background-color\" href=\"https:\/\/www.anzianienonsolo.it\/servizi-per-i-caregiver\/\">Torna al dashboard<\/a><\/div>\n\n\n\n<hr class=\"wp-block-separator\"\/>\n\n\n\n<h2 class=\"wp-block-heading\"><span class=\"has-inline-color has-vivid-cyan-blue-color\">Anziani e non solo<\/span><\/h2>\n\n\n\n<p>La cooperativa sociale \u201cAnziani e non solo\u201d\u00a0organizza\u00a0\u00a0per conto dell\u2019\u201dUnione delle Terre d\u2019Argine, corsi in presenza e online per i\u00a0\u00a0caregiver familiari.\u00a0Per poter svolgere al meglio il proprio compito, il caregiver deve essere adeguatamente formato, in modo da poter affrontare le problematiche della gestione o non auto sufficiente con la necessaria consapevolezza.<\/p>\n\n\n\n<p>Come affrontare la malattia, lo stress, come dare qualit\u00e0 assistenziale al proprio anziano, come aiutarlo nelle funzioni di vita quotidiana, come relazionarsi con lui, come organizzare al meglio l\u2019attivit\u00e0 assistenziale propria e\/o dell\u2019assistente familiare\/badante, come rapportarsi con i servizi territoriali, come operare in un\u2019ottica di sicurezza e come affrontare situazioni di primo soccorso.\u00a0<\/p>\n\n\n\n<p><strong>\u00a0<br>Per informazioni: contattare la cooperativa.<\/strong><br>Anziani e non solo via Lenin,.55 Carpi\u00a0<br>059645421 \u2013\u00a0<a href=\"mailto:info@anzianienonsolo.it\">info@anzianienonsolo.it<\/a><\/p>\n\n\n\n<hr class=\"wp-block-separator\"\/>\n\n\n\n<h2 class=\"wp-block-heading\"><span class=\"has-inline-color has-vivid-cyan-blue-color\">GAFA<\/span><\/h2>\n\n\n\n<p class=\"has-small-font-size\">Fornisce consulenza e formazione&nbsp;a familiari di persone con <strong>demenza <\/strong>per problematiche relativi a problemi di vagabondaggio e a rischio di perdersi.<br><br>Sede: presso CdV \u2013 Fondazione Casa del Volontariato<br>viale Peruzzi 22 \u2013 tel. 349\/5928342<br>marted\u00ec, gioved\u00ec e venerd\u00ec su appuntamento dalle 16.00 alle 18.30<br>info@gafal.it&nbsp;&nbsp;&nbsp;<br>Facebook: https:\/\/it-it.facebook.com\/GAFACARPI\/<br>www.gafal.it<\/p>\n\n\n\n<hr class=\"wp-block-separator\"\/>\n\n\n\n<h2 class=\"wp-block-heading\"><span class=\"has-inline-color has-vivid-cyan-blue-color\">A.L.I.Ce.<\/span><\/h2>\n\n\n\n<p class=\"has-small-font-size\">A.L.I.Ce. promuove occasioni di formazione di familiari e caregiver che si occupano di persone colpite da <strong>ictus <\/strong>sulla gestione della fase cronica e su tematiche specifiche (il linguaggio, la depressione post ictus, la dieta post ictus, ecc.).<br>Per informazioni contattare l\u2019associazione.<br><br>A.L.I.Ce. Associazione per la Lotta all\u2019Ictus Cerebrale \u2013 Sezione di Carpi \u2013 Onlus<br>c\/o Casa del Volontariato di Carpi, Viale Peruzzi, 22<br>Ufficio n. 18A \u2013 Carpi<br>Tel. 059 651894 \u2013 327 2036045<br>E-mail: alicecarpionlus@alice.it \u2013&nbsp;<a href=\"mailto:info@alicecarpi.it\">info@alicecarpi.it<\/a><br>Sito internet:&nbsp;<a href=\"http:\/\/www.alicecarpi.it\/\">http:\/\/www.alicecarpi.it\/<\/a><\/p>\n\n\n\n<hr class=\"wp-block-separator\"\/>\n\n\n\n<p><\/p>\n","protected":false},"excerpt":{"rendered":"<p>Torna al dashboard Anziani e non solo La cooperativa sociale \u201cAnziani e non solo\u201d\u00a0organizza\u00a0\u00a0per conto dell\u2019\u201dUnione delle Terre d\u2019Argine, corsi in presenza e online per i\u00a0\u00a0caregiver familiari.\u00a0Per poter svolgere al meglio il proprio compito, il caregiver deve essere adeguatamente formato, in modo da poter affrontare le problematiche della gestione o non auto sufficiente con la<\/p>\n","protected":false},"author":1,"featured_media":0,"parent":0,"menu_order":0,"comment_status":"closed","ping_status":"closed","template":"","meta":{"footnotes":""},"categories":[],"tags":[],"class_list":["post-7941","page","type-page","status-publish","hentry"],"_links":{"self":[{"href":"https:\/\/www.anzianienonsolo.it\/online\/wp-json\/wp\/v2\/pages\/7941"}],"collection":[{"href":"https:\/\/www.anzianienonsolo.it\/online\/wp-json\/wp\/v2\/pages"}],"about":[{"href":"https:\/\/www.anzianienonsolo.it\/online\/wp-json\/wp\/v2\/types\/page"}],"author":[{"embeddable":true,"href":"https:\/\/www.anzianienonsolo.it\/online\/wp-json\/wp\/v2\/users\/1"}],"replies":[{"embeddable":true,"href":"https:\/\/www.anzianienonsolo.it\/online\/wp-json\/wp\/v2\/comments?post=7941"}],"version-history":[{"count":3,"href":"https:\/\/www.anzianienonsolo.it\/online\/wp-json\/wp\/v2\/pages\/7941\/revisions"}],"predecessor-version":[{"id":8431,"href":"https:\/\/www.anzianienonsolo.it\/online\/wp-json\/wp\/v2\/pages\/7941\/revisions\/8431"}],"wp:attachment":[{"href":"https:\/\/www.anzianienonsolo.it\/online\/wp-json\/wp\/v2\/media?parent=7941"}],"wp:term":[{"taxonomy":"category","embeddable":true,"href":"https:\/\/www.anzianienonsolo.it\/online\/wp-json\/wp\/v2\/categories?post=7941"},{"taxonomy":"post_tag","embeddable":true,"href":"https:\/\/www.anzianienonsolo.it\/online\/wp-json\/wp\/v2\/tags?post=7941"}],"curies":[{"name":"wp","href":"https:\/\/api.w.org\/{rel}","templated":true}]}}