{"id":7939,"date":"2021-01-18T17:41:50","date_gmt":"2021-01-18T16:41:50","guid":{"rendered":"http:\/\/www.anzianienonsolo.it\/online\/?page_id=7939"},"modified":"2021-01-18T17:41:51","modified_gmt":"2021-01-18T16:41:51","slug":"informazioni-sulle-patologie","status":"publish","type":"page","link":"https:\/\/www.anzianienonsolo.it\/online\/informazioni-sulle-patologie\/","title":{"rendered":"Informazioni sulle patologie"},"content":{"rendered":"\n<div class=\"wp-block-button\"><a class=\"wp-block-button__link has-background has-vivid-red-background-color\" href=\"https:\/\/www.anzianienonsolo.it\/servizi-per-i-caregiver\/\">Torna al dashboard<\/a><\/div>\n\n\n\n<hr class=\"wp-block-separator\"\/>\n\n\n\n<h2 class=\"wp-block-heading\"><span class=\"has-inline-color has-vivid-cyan-blue-color\">ADICA<\/span><\/h2>\n\n\n\n<p class=\"has-small-font-size\">Sportello informativo rivolto ai famigliari dei malati <strong>diabetici <\/strong>affinch\u00e9 possano comprendere meglio la malattia e sostenere il loro assistito nella vita di tutti i giorni. Lo sportello \u00e8 gestito dall\u2019associazione A.Di.Ca. Si accede contattando l\u2019associazione. Per usufruire dei servizi \u00e8 necessario avere la tessera dell\u2019associazione.<br><br>A.Di.Ca. Associazione Diabetici Carpi Onlus<br>c\/o il Centro Diabetologico dei Poliambulatori AUSL<br>Piazzale Donatori di Sangue, 3 &#8211; Carpi<br>Tel. 059 659030<br>E-mail: diabete.carpi@alice.it &#8211; diabete.carpi@pec.it<br>Facebook:&nbsp;<a rel=\"noreferrer noopener\" href=\"https:\/\/www.facebook.com\/ADICA-Associazione-Diabetici-Carpi-1720940647924704\/\" target=\"_blank\">A.DI.CA Associazione Diabetici Carpi<\/a><\/p>\n\n\n\n<hr class=\"wp-block-separator\"\/>\n\n\n\n<h2 class=\"wp-block-heading\"><span class=\"has-inline-color has-vivid-cyan-blue-color\">A.L.I.Ce.<\/span><\/h2>\n\n\n\n<p class=\"has-small-font-size\">A.L.I.Ce. promuove occasioni di formazione di familiari e caregiver che si occupano di persone colpite da <strong>ictus <\/strong>sulla gestione della fase cronica e su tematiche specifiche (il linguaggio, la depressione post ictus, la dieta post ictus, ecc.).<br>Per informazioni contattare l\u2019associazione.<br><br>A.L.I.Ce. Associazione per la Lotta all\u2019Ictus Cerebrale &#8211; Sezione di Carpi &#8211; Onlus<br>c\/o Casa del Volontariato di Carpi, Viale Peruzzi, 22<br>Ufficio n. 18A &#8211; Carpi<br>Tel. 059 651894 &#8211; 327 2036045<br>E-mail: alicecarpionlus@alice.it &#8211; <a href=\"mailto:info@alicecarpi.it\">info@alicecarpi.it<\/a><br>Sito internet: <a href=\"http:\/\/www.alicecarpi.it\/\">http:\/\/www.alicecarpi.it\/<\/a><\/p>\n\n\n\n<hr class=\"wp-block-separator\"\/>\n\n\n\n<h2 class=\"wp-block-heading\"><span class=\"has-inline-color has-vivid-cyan-blue-color\">Al di l\u00e0 del muro<\/span><\/h2>\n\n\n\n<p class=\"has-small-font-size\">Insieme si pu\u00f2 \u2013 Sportello di accoglienza e di prima informazione sulle <strong>malattie mentali<\/strong> promosso dall\u2019Associazione Al di l\u00e0 del Muro. Si rivolge a familiari di malati psicologici e mentali (attacchi di panico, depressione, disturbi dell\u2019alimentazione, paranoie, disturbi della personalit\u00e0, dipendenze da sostanze, schizofrenia ecc..) per offrire informazioni, sostegno e maggiore conoscenza della malattia e della cura. (Marted\u00ec mattina e gioved\u00ec pomeriggio) Per accedere contattare l\u2019associazione.<br><br>Associazione \u201cAl di l\u00e0 del muro\u201d (Associazione Familiari e Amici a Sostegno della Malattia Mentale)<br>c\/o Casa del Volontariato di Carpi, Viale Peruzzi, 22<br>Ufficio n. 20 &#8211; Carpi<br>Tel. 059 8754059 &#8211; 392 8885291<br>associazione.aldiladelmuro@gmail.com<br>Sito internet: <a href=\"https:\/\/aldiladelmuro.webnode.it\/\">https:\/\/aldiladelmuro.webnode.it\/<\/a><\/p>\n\n\n\n<hr class=\"wp-block-separator\"\/>\n\n\n\n<h2 class=\"wp-block-heading\"><span class=\"has-inline-color has-vivid-cyan-blue-color\">Amici del cuore<\/span><\/h2>\n\n\n\n<p class=\"has-small-font-size\">Sportello informativo rivolto ai famigliari delle persone <strong>cardiopatiche<\/strong> per fornire sostegno e informazioni utili all\u2019assistenza. Lo sportello \u00e8 gestito dall\u2019Associazione Amici del Cuore. Si accede contattando l\u2019associazione. Per usufruire dei servizi \u00e8 necessario avere la tessera dell\u2019associazione.<br><br>Associazione Gli Amici del Cuore Onlus<br>Sede Modena: Via Zurlini, 130 &#8211; Modena<br>Tel. 059 344981 &#8211; 059 342459<br>Sezione di Carpi: c\/o Centro sociale ricreativo culturale Loris Guerzoni, Via Genova, 1 &#8211; Carpi<br>Tel. 059 683336<br>E-mail: <a href=\"mailto:gliamicidelcuore@virgilio.it\">gliamicidelcuore@virgilio.it<\/a> Sito internet: <a href=\"http:\/\/www.gliamicidelcuore.mo.it\">www.gliamicidelcuore.mo.it<\/a><\/p>\n\n\n\n<hr class=\"wp-block-separator\"\/>\n\n\n\n<h2 class=\"wp-block-heading\"><span class=\"has-inline-color has-vivid-cyan-blue-color\">AMO<\/span><\/h2>\n\n\n\n<p>E&#8217; possibile accedere ad un\u2019attivit\u00e0 di consulenza con psicologa per pazienti e famigliari. Il servizio \u00e8 gratuito.<\/p>\n\n\n\n<p class=\"has-small-font-size\">Si accede tramite la segreteria della U.O. di Medicina Oncologica del Ramazzini o tramite la segreteria della Associazione.<br>Segreteria dell&#8217;ospedale: da luned\u00ec a venerd\u00ec 9.00\/13.00 e sabato dalle 9.30\/12.00 (segreteria Casa del Volontariato: su appuntamento)<\/p>\n\n\n\n<hr class=\"wp-block-separator\"\/>\n\n\n\n<h2 class=\"wp-block-heading\"><span class=\"has-inline-color has-vivid-cyan-blue-color\">GAFA<\/span><\/h2>\n\n\n\n<p class=\"has-small-font-size\">E&#8217; un&#8217;organizzazione di volontariato, rivolta a familiari, professionisti, operatori , semplici cittadini coinvolti nell&#8217;assistenza a persone affette dalla malattia di <strong>Alzheimer <\/strong>e da altre forme di demenza. Promuove le seguenti attivit\u00e0 informative: <br><br>&#8211; accoglienza telefonica tramite il n.349\/5928342 , sempre attivo, per informazioni e counselling<br>&#8211; Centro d&#8217;Ascolto presso la Casa del Volontariato (marted\u00ec h 16.00\/18.30 , gioved\u00ec e venerd\u00ec solo su appuntamento telefonico)<br>&#8211; Centro d&#8217;ascolto (venerd\u00ec ore 9.30\/11.00 ) presso il Centro Disturbi Cognitivi e Demenze Poliambulatorio 2 stanza 98 del Distretto Sanitario di Carpi *<br>-fornisce consulenza e formazione&nbsp; per le problematiche di&nbsp; pazienti con problemi di vagabondaggio, a rischio di perdersi.<br><br>Sede: presso CdV &#8211; Fondazione Casa del Volontariato <br>viale Peruzzi 22 &#8211; tel. 349\/5928342<br>marted\u00ec, gioved\u00ec e venerd\u00ec su appuntamento dalle 16.00 alle 18.30<br>info@gafal.it&nbsp;&nbsp;&nbsp;<br>Facebook: https:\/\/it-it.facebook.com\/GAFACARPI\/<br>www.gafal.it<\/p>\n\n\n\n<hr class=\"wp-block-separator\"\/>\n\n\n\n<h2 class=\"wp-block-heading\"><span class=\"has-inline-color has-vivid-cyan-blue-color\">Gruppo Parkinson Carpi<\/span><\/h2>\n\n\n\n<p class=\"has-small-font-size\">Sportello Parkinson &#8211; Servizio di informazione sulla malattia di <strong>Parkinson <\/strong>e sulle attivit\u00e0 promosse dal Gruppo Parkinson di Carpi, aperto il marted\u00ec e il gioved\u00ec dalle 16 alle 18 presso la propria sede, gestito dai Volontari. Sono inoltre a disposizione gratuita, su appuntamento, una Logopedista e uno Psicologo.<br><br>G.P.C. Gruppo Parkinson Carpi Onlus<br>c\/o Casa del Volontariato di Carpi, Viale B. Peruzzi, 22<br>Ufficio n. 19 (SECONDO PIANO) &#8211; Carpi<br>Tel\/Fax: 059 6229003<br>E-mail: carpiparkinson@carpidiem.it&nbsp; Sito internet: www.associazioni.carpidiem.it\/parkinson<\/p>\n\n\n\n<hr class=\"wp-block-separator\"\/>\n\n\n\n<p><\/p>\n","protected":false},"excerpt":{"rendered":"<p>Torna al dashboard ADICA Sportello informativo rivolto ai famigliari dei malati diabetici affinch\u00e9 possano comprendere meglio la malattia e sostenere il loro assistito nella vita di tutti i giorni. Lo sportello \u00e8 gestito dall\u2019associazione A.Di.Ca. Si accede contattando l\u2019associazione. Per usufruire dei servizi \u00e8 necessario avere la tessera dell\u2019associazione. A.Di.Ca. Associazione Diabetici Carpi Onlusc\/o il<\/p>\n","protected":false},"author":1,"featured_media":0,"parent":0,"menu_order":0,"comment_status":"closed","ping_status":"closed","template":"","meta":{"footnotes":""},"categories":[],"tags":[],"class_list":["post-7939","page","type-page","status-publish","hentry"],"_links":{"self":[{"href":"https:\/\/www.anzianienonsolo.it\/online\/wp-json\/wp\/v2\/pages\/7939"}],"collection":[{"href":"https:\/\/www.anzianienonsolo.it\/online\/wp-json\/wp\/v2\/pages"}],"about":[{"href":"https:\/\/www.anzianienonsolo.it\/online\/wp-json\/wp\/v2\/types\/page"}],"author":[{"embeddable":true,"href":"https:\/\/www.anzianienonsolo.it\/online\/wp-json\/wp\/v2\/users\/1"}],"replies":[{"embeddable":true,"href":"https:\/\/www.anzianienonsolo.it\/online\/wp-json\/wp\/v2\/comments?post=7939"}],"version-history":[{"count":1,"href":"https:\/\/www.anzianienonsolo.it\/online\/wp-json\/wp\/v2\/pages\/7939\/revisions"}],"predecessor-version":[{"id":7940,"href":"https:\/\/www.anzianienonsolo.it\/online\/wp-json\/wp\/v2\/pages\/7939\/revisions\/7940"}],"wp:attachment":[{"href":"https:\/\/www.anzianienonsolo.it\/online\/wp-json\/wp\/v2\/media?parent=7939"}],"wp:term":[{"taxonomy":"category","embeddable":true,"href":"https:\/\/www.anzianienonsolo.it\/online\/wp-json\/wp\/v2\/categories?post=7939"},{"taxonomy":"post_tag","embeddable":true,"href":"https:\/\/www.anzianienonsolo.it\/online\/wp-json\/wp\/v2\/tags?post=7939"}],"curies":[{"name":"wp","href":"https:\/\/api.w.org\/{rel}","templated":true}]}}