{"id":7937,"date":"2021-01-18T17:40:51","date_gmt":"2021-01-18T16:40:51","guid":{"rendered":"http:\/\/www.anzianienonsolo.it\/online\/?page_id=7937"},"modified":"2025-09-11T15:54:37","modified_gmt":"2025-09-11T13:54:37","slug":"trasporto-sociale-e-sanitario","status":"publish","type":"page","link":"https:\/\/www.anzianienonsolo.it\/online\/trasporto-sociale-e-sanitario\/","title":{"rendered":"TRASPORTO SOCIALE E SANITARIO"},"content":{"rendered":"\n<div class=\"wp-block-button\"><a class=\"wp-block-button__link has-background has-vivid-red-background-color\" href=\"https:\/\/www.anzianienonsolo.it\/servizi-per-i-caregiver\/\">Torna al dashboard<\/a><\/div>\n\n\n\n<h2 class=\"wp-block-heading\"><mark style=\"background-color:rgba(0, 0, 0, 0)\" class=\"has-inline-color has-vivid-cyan-blue-color\">A.L.I.Ce.<\/mark><\/h2>\n\n\n\n<p class=\"has-small-font-size\">A.L.I.Ce. coordina e mette a disposizione gratuitamente, tramite \u201cAnziani In Rete\u201d, mezzi di trasporto idonei per accompagnare le persone colpite da <strong>ictus<\/strong> alle cure fisioterapiche ma anche per altri servizi eventualmente necessari e richiesti dalle famiglie. Per accedere contattare l\u2019associazione.<br><br>A.L.I.Ce. Associazione per la Lotta all\u2019Ictus Cerebrale &#8211; Sezione di Carpi &#8211; Onlus<br>c\/o Casa del Volontariato di Carpi, Viale Peruzzi, 22<br>Ufficio n. 18A &#8211; Carpi<br>Tel. 059 651894 &#8211; 327 2036045<br>E-mail: alicecarpionlus@alice.it &#8211; <a href=\"mailto:info@alicecarpi.it\">info@alicecarpi.it<\/a><br>Sito internet: <a href=\"http:\/\/www.alicecarpi.it\/\">http:\/\/www.alicecarpi.it\/<\/a><\/p>\n\n\n\n<hr class=\"wp-block-separator has-css-opacity\"\/>\n\n\n\n<h2 class=\"wp-block-heading\"><mark style=\"background-color:rgba(0, 0, 0, 0)\" class=\"has-inline-color has-vivid-cyan-blue-color\">AMO<\/mark><\/h2>\n\n\n\n<p class=\"has-small-font-size\">L\u2019Associazione AMO offre un servizio di trasporto in auto per <strong>malati oncologici<\/strong> per fare terapie, esami, visite in ospedali. Il servizio \u00e8 gratuito. \u00c8 necessario prenotarsi contattando la segreteria del Day Hospital Oncologico al numero 059 659294.<br><br>AMO &#8211; Associazione Malati Oncologici<br>Si accede tramite la segreteria della U.O. di Medicina Oncologica del Ramazzini o tramite la segreteria della Associazione.<br>Segreteria dell&#8217;ospedale: da luned\u00ec a venerd\u00ec 9.00\/13.00 e sabato dalle 9.30\/12.00 (segreteria Casa del Volontariato: su appuntamento)<br>E-mail: <a href=\"mailto:amo.carpi@vodafone.it\">amo.carpi@vodafone.it<\/a> FACEBOOK: <a href=\"https:\/\/www.facebook.com\/amo.carpi\/\">https:\/\/www.facebook.co<\/a><a href=\"https:\/\/www.facebook.com\/amo.carpi\/\">m\/amo.carpi\/<\/a><\/p>\n\n\n\n<hr class=\"wp-block-separator has-alpha-channel-opacity\"\/>\n\n\n\n<h2 class=\"wp-block-heading\"><mark style=\"background-color:rgba(0, 0, 0, 0)\" class=\"has-inline-color has-vivid-cyan-blue-color\">Anziani in rete<\/mark><\/h2>\n\n\n\n<p class=\"has-small-font-size\">L\u2019Associazione Anziani in Rete offre un servizio di trasporto in auto per <strong>anziani e disabili<\/strong> per recarsi presso strutture ospedaliere del comprensorio sanitario Modena\/Reggio, a visite mediche, centri di fisioterapia, palestre e per commissioni varie. I trasporti vengono effettuati di norma dal luned\u00ec al venerd\u00ec, dalle 08.00 alle 18.00. In casi eccezionali si effettuano trasporti anche in orari e giorni diversi. Il servizio \u00e8 gratuito. \u00c8 gradita un\u2019offerta libera come contributo alle spese. \u00c8 necessario prenotarsi contattando telefonicamente il gruppo di volontariato del proprio quartiere.<br><strong><br><\/strong>Associazione Anziani in Rete<br>Sede sociale: c\/o Casa del Volontariato di Carpi, Viale Peruzzi, 22 Ufficio n. 6 C &#8211; Carpi<br>Tel. 059 685910 &#8211; E-mail: <a href=\"mailto:anzianiinrete@virgilio.it\">anzianiinrete@virgilio.it<\/a> <br><br>L\u2019associazione opera attraverso gruppi di volontariato presenti nei diversi quartieri:<br><strong>Carpi Centro: <\/strong>Il Ponte, c\/o Centro Sociale Bruno Losi, Via Medaglie D\u2019Oro, 2 &#8211; Carpi. Tel. 059 652290 o 331 1343383<br><strong>Cibeno:<\/strong> L\u2019Ancora, c\/o Centro Sociale Cibeno Pile, Via Lago D\u2019Orta 2 &#8211; Carpi. Tel. 059 6311049 o 331 5352615<\/p>\n\n\n\n<hr class=\"wp-block-separator has-css-opacity\"\/>\n\n\n\n<h2 class=\"wp-block-heading\"><mark style=\"background-color:rgba(0, 0, 0, 0)\" class=\"has-inline-color has-vivid-cyan-blue-color\">Auser Campogalliano<\/mark><\/h2>\n\n\n\n<p class=\"has-small-font-size\">Il Gruppo Auser di <strong>Campogalliano <\/strong>offre un servizio di trasporto verso presidi ospedalieri e strutture sanitarie della Provincia di Modena, Reggio Emilia e fuori Regione. Ritiro farmaci presso Farmacia Ospedale di carpi. Accompagnamento in visita ai familiari ricoverati, accompagnamento a centri di aggregazione sociale, accesso ad uffici o pubblici servizi, accompagnamento verso poliambulatori. I servizi sono gratuiti ma \u00e8 gradita una offerta libera come contributo alle spese. Per usufruire dei servizi, \u00e8 necessario prenotarsi contattando l\u2019associazione.<br><strong>Contatti<\/strong>: <br>AUSER Campogalliano: <br>via Manzoni 21 &#8211; Campogalliano<br>Tel. 059 525946 &#8211; E-mail: ausercampogalliano@alice.it<\/p>\n\n\n\n<hr class=\"wp-block-separator has-css-opacity\"\/>\n\n\n\n<h2 class=\"wp-block-heading\"><mark style=\"background-color:rgba(0, 0, 0, 0)\" class=\"has-inline-color has-vivid-cyan-blue-color\">Auser Novi<\/mark><\/h2>\n\n\n\n<p class=\"has-small-font-size\">Il Gruppo Auser di <strong>Novi <\/strong>offre un servizio di trasporto verso presidi e strutture sanitarie del comprensorio di Modena, Reggio Emilia e Mantova. Il servizio \u00e8 gratuito ma \u00e8 gradita un\u2019offerta libera come contributo alle spese. Per usufruire del servizio \u00e8 necessario prenotarsi contattando l\u2019associazione<br><br>AUSER sezione Novi di Modena<br>Via Canzio Zoldi 38\/h<br>Novi di Modena<br>Tel. 059 670462<br>E-mail novi@ausermodena.it<\/p>\n\n\n\n<hr class=\"wp-block-separator has-css-opacity\"\/>\n\n\n\n<h2 class=\"wp-block-heading\"><mark style=\"background-color:rgba(0, 0, 0, 0)\" class=\"has-inline-color has-vivid-cyan-blue-color\">Auser Carpi<\/mark><\/h2>\n\n\n\n<p class=\"has-small-font-size\">Il Gruppo Auser di <strong>Carpi<\/strong> offre un servizio di trasporto sia per persone disabili che autosufficienti per recarsi dal medico, in farmacia o altra destinazione anche al di fuori del territorio regionale. Il servizio \u00e8 attrezzato anche per il trasporto di persone in sedia a rotelle. Per il servizio effettuato si richiede un contributo alle spese in offerta libera per i costi di gestione. Per usufruire del servizio \u00e8 necessario prenotarsi per tempo, contattando l\u2019associazione.<br><br>Gruppi AUSER<br>Carpi: c\/o Centro Sociale Due Ponti, via Seneca 1 &#8211; Carpi<br>Tel. 348 1791978 &#8211; E-mail: carpi@ausermodena.it&nbsp;<\/p>\n\n\n\n<hr class=\"wp-block-separator has-css-opacity\"\/>\n\n\n\n<h2 class=\"wp-block-heading\"><mark style=\"background-color:rgba(0, 0, 0, 0)\" class=\"has-inline-color has-vivid-cyan-blue-color\">Croce Rossa Carpi <\/mark><\/h2>\n\n\n\n<p class=\"has-small-font-size\">Croce Rossa di <strong>Carpi <\/strong>offre un servizio di trasporto per persone non in grado di muoversi autonomamente, in auto attrezzata, pulmino o autoambulanza, anche al di fuori del territorio provinciale. \u00c8 richiesto il pagamento del rimborso chilometrico. Il servizio si effettua 24 ore su 24 tutti i giorni. Per usufruire del servizio \u00e8 necessario prenotarsi contattando l\u2019associazione<br><br>Croce Rossa Italiana &#8211; Comitato di Carpi OdV<br>Via Guastalla 5 &#8211; Carpi<br>Tel. 059 654463<br>E-mail: carpi@cri.it<\/p>\n\n\n\n<hr class=\"wp-block-separator has-css-opacity\"\/>\n\n\n\n<h2 class=\"wp-block-heading\"><mark style=\"background-color:rgba(0, 0, 0, 0)\" class=\"has-inline-color has-vivid-cyan-blue-color\">Croce Blu Carpi<\/mark><\/h2>\n\n\n\n<p class=\"has-small-font-size\">Croce Blu di <strong>Carpi <\/strong>offre un servizio di trasporto per persone malate o disabili, in auto attrezzata, pulmino, o autoambulanza, anche al di fuori del territorio provinciale. Il servizio \u00e8 gratuito ma \u00e8 gradita un\u2019offerta libera come contributo alle spese. Per usufruire del servizio \u00e8 necessario prenotarsi contattando l\u2019associazione.<br><br>Croce Blu Carpi<br>Piazzale Salvador Allende 1\/a &#8211; Carpi<br>Tel. 059 698585<br>E-mail: croceblucarpi@libero.it<\/p>\n\n\n\n<hr class=\"wp-block-separator has-css-opacity\"\/>\n\n\n\n<h2 class=\"wp-block-heading\"><mark style=\"background-color:rgba(0, 0, 0, 0)\" class=\"has-inline-color has-vivid-cyan-blue-color\">Centro Solidariet\u00e0 Rovereto<\/mark><\/h2>\n\n\n\n<p class=\"has-small-font-size\">Il Centro Solidariet\u00e0 Anziani di <strong>Rovereto S\/S<\/strong> offre un servizio di trasporto verso le strutture ospedaliere del comprensorio di Modena. Il servizio \u00e8 gratuito ma \u00e8 gradita un\u2019offerta libera come contributo alle spese. Per usufruire del servizio \u00e8 necessario prenotarsi contattando l\u2019associazione. <br><br>Centro Solidariet\u00e0 Anziani di Rovereto S\/S<br>via 4 Novembre 37 &#8211; Rovereto S\/S<br>Tel. 366 2658642<\/p>\n\n\n\n<hr class=\"wp-block-separator has-css-opacity\"\/>\n\n\n\n<h2 class=\"wp-block-heading\"><mark style=\"background-color:rgba(0, 0, 0, 0)\" class=\"has-inline-color has-vivid-cyan-blue-color\">Contatto<\/mark><\/h2>\n\n\n\n<p class=\"has-small-font-size\">L\u2019Associazione Contatto onlus \u2013 offre un servizio di trasporto per coloro che devono recarsi in ospedale o in centri sanitari per effettuare visite, analisi, terapie anche al di fuori del territorio regionale. Inoltre offre aiuto per ritiro risposte ad esami clinici per coloro che non hanno la possibilit\u00e0 di muoversi autonomamente. Il servizio \u00e8 esteso anche ai <strong>disabili costretti su una sedia a rotelle<\/strong>, mentre non \u00e8 abilitato per trasporti sostitutivi dell\u2019autolettiga. Il servizio \u00e8 gratuito. \u00c8 gradita una offerta libera come contributo alle spese. Per usufruire del servizio rivolgersi ai punti di prenotazione con almeno 3 giorni di anticipo.<br><br>Associazione Contatto Onlus<br>sede c\/o Circolo La Fontana &#8211; via Ivano Martinelli 1\/0 Fossoli di Carpi<\/p>\n\n\n\n<hr class=\"wp-block-separator has-css-opacity\"\/>\n\n\n\n<h2 class=\"wp-block-heading\"><mark style=\"background-color:rgba(0, 0, 0, 0)\" class=\"has-inline-color has-vivid-cyan-blue-color\">USHAC<\/mark><\/h2>\n\n\n\n<p class=\"has-small-font-size\">Organizza servizi di trasporto per persone <strong>disabili <\/strong>per partecipare alle attivit\u00e0 promosse dall\u2019associazione. Per informazioni occorre rivolgersi direttamente all\u2019associazione. &nbsp;<br><br>U.S.HA.C. Unione Sportiva Portatori Handicap Carpi<br>c\/o Casa del Volontariato di Carpi, Viale Peruzzi, 22 Ufficio n. 10 &#8211; Carpi<br>Tel. 059 684310<br>E-mail: <a href=\"mailto:ushac.carpi@virgilio.it\">ushac.carpi@virgilio.it<\/a> Sito internet: www.ushac.it<\/p>\n\n\n\n<hr class=\"wp-block-separator has-alpha-channel-opacity\"\/>\n\n\n\n<h2 class=\"wp-block-heading\"><mark style=\"background-color:rgba(0, 0, 0, 0)\" class=\"has-inline-color has-vivid-cyan-blue-color\">Volontari in rete <\/mark><\/h2>\n\n\n\n<p class=\"has-small-font-size\">Chiamano il numero unico <strong>059.4728738<\/strong>, valido per tutti i 120mila abitanti dei Comuni di Carpi, Novi, Soliera e Campogalliano, \u00e8 possibile individuare chi pu\u00f2 fare trasporti socio sanitari sporadici o continuativi, per famigliari autosufficienti e non solo o in condizioni di fragilit\u00e0. Il numero \u00e8 stato attivato dall&#8217;Unione Terre d&#8217;Argine grazie al contributo della Regione, tramite il Ministero del Lavoro e delle Politiche Sociali.<br><\/p>\n\n\n\n<hr class=\"wp-block-separator has-alpha-channel-opacity\"\/>\n","protected":false},"excerpt":{"rendered":"<p>Torna al dashboard A.L.I.Ce. A.L.I.Ce. coordina e mette a disposizione gratuitamente, tramite \u201cAnziani In Rete\u201d, mezzi di trasporto idonei per accompagnare le persone colpite da ictus alle cure fisioterapiche ma anche per altri servizi eventualmente necessari e richiesti dalle famiglie. Per accedere contattare l\u2019associazione. A.L.I.Ce. Associazione per la Lotta all\u2019Ictus Cerebrale &#8211; Sezione di Carpi<\/p>\n","protected":false},"author":1,"featured_media":0,"parent":0,"menu_order":0,"comment_status":"closed","ping_status":"closed","template":"","meta":{"footnotes":""},"categories":[],"tags":[],"class_list":["post-7937","page","type-page","status-publish","hentry"],"_links":{"self":[{"href":"https:\/\/www.anzianienonsolo.it\/online\/wp-json\/wp\/v2\/pages\/7937"}],"collection":[{"href":"https:\/\/www.anzianienonsolo.it\/online\/wp-json\/wp\/v2\/pages"}],"about":[{"href":"https:\/\/www.anzianienonsolo.it\/online\/wp-json\/wp\/v2\/types\/page"}],"author":[{"embeddable":true,"href":"https:\/\/www.anzianienonsolo.it\/online\/wp-json\/wp\/v2\/users\/1"}],"replies":[{"embeddable":true,"href":"https:\/\/www.anzianienonsolo.it\/online\/wp-json\/wp\/v2\/comments?post=7937"}],"version-history":[{"count":3,"href":"https:\/\/www.anzianienonsolo.it\/online\/wp-json\/wp\/v2\/pages\/7937\/revisions"}],"predecessor-version":[{"id":12907,"href":"https:\/\/www.anzianienonsolo.it\/online\/wp-json\/wp\/v2\/pages\/7937\/revisions\/12907"}],"wp:attachment":[{"href":"https:\/\/www.anzianienonsolo.it\/online\/wp-json\/wp\/v2\/media?parent=7937"}],"wp:term":[{"taxonomy":"category","embeddable":true,"href":"https:\/\/www.anzianienonsolo.it\/online\/wp-json\/wp\/v2\/categories?post=7937"},{"taxonomy":"post_tag","embeddable":true,"href":"https:\/\/www.anzianienonsolo.it\/online\/wp-json\/wp\/v2\/tags?post=7937"}],"curies":[{"name":"wp","href":"https:\/\/api.w.org\/{rel}","templated":true}]}}