{"id":518,"date":"2014-10-06T13:33:23","date_gmt":"2014-10-06T13:33:23","guid":{"rendered":"http:\/\/www.informanziani.it\/Eden\/?page_id=518"},"modified":"2014-10-06T13:33:23","modified_gmt":"2014-10-06T13:33:23","slug":"sostegno-psicologico","status":"publish","type":"page","link":"https:\/\/www.anzianienonsolo.it\/online\/i-destinatari\/sostegno-psicologico\/","title":{"rendered":"Sostegno psicologico"},"content":{"rendered":"<h4>Il lavoro di cura familiare pu\u00f2 avere un impatto significativo sul benessere psicologico dei caregiver. Uno degli strumenti pi\u00f9 efficaci per sostenere emotivamente i familiari nel loro percorso \u00e8 il gruppo di auto-mutuo aiuto, come luogo di ascolto privilegiato rispetto a bisogni e problemi, sentimenti, emozioni difficili, risorse della persona. ANS dispone di operatori formati alla conduzione di gruppi di auto-mutuo aiuto di caregiver familiari.<\/h4>\n<h3>Progetti e attivit\u00e0:<\/h3>\n<p><strong><a href=\"https:\/\/sincala.eu\/\" rel=\"noopener\" target=\"_blank\">SINCALA<\/a><\/strong> &#8211; Il progetto S.IN.CA.L.A mira a dare una risposta ad una sfida comune a tutti i paesi dell\u2019UE: provvedere ai bisogni crescenti di assistenza dettati dal progressivo invecchiamento della popolazione con particolare attenzione alla fascia degli over 80. Per far fronte a questa<br \/>\nsituazione, la politica e i servizi di supporto per i caregiver saranno fondamentali.<br \/>\n<a href=\"http:\/\/eurocarers.org\/CARE4DEM-Eurocarers-is-involved-in-a-new-projects-on-online-support-groups-\" target=\"_blank\" rel=\"noopener\"><strong>CARE4DEM<\/strong> <\/a>&#8211; Il progetto mira a sviluppare un modello nuovo ed innovativo di gruppi di mutuo, promuovendo il coinvolgimento dei caregiver grazie una serie di strumenti web integrati con altre fonti di intervento, al fine di migliorare il grado di soddisfazione dei caregiver e ridurre il carico legato al compito che svolgono.<br \/>\n<strong>Unione delle Terre d\u2019Argine &#8211;<\/strong> Gestione di un gruppo di auto-mutuo aiuto per caregiver familiari: per conto dell\u2019Unione delle Terre d\u2019Argine ANS ha promosso e gestito un gruppo di auto-mutuo aiuto per caregiver familiari.<br \/>\n<strong>Comune di Sanluri (CA):<\/strong> ANS \u00e8 risultato assegnatario, in partenariato con il Consorzio SOL.CO. Nuoro, di cui fa parte, del bando indetto dal Comune di Sanluri per la realizzazione del progetto Home Care Premium. Le attivit\u00e0 svolte da ANS riguardano la formazione dei caregiver, la formazione delle assistenti familiari, la formazione degli operatori dello sportello HCP, la consulenza legale e la supervisione\/consulenza al facilitatore dei gruppi di auto-mutuo aiuto.<br \/>\n<strong>&gt;&gt;<\/strong> <strong>Consulta il sito di progetto: <a href=\"http:\/\/www.sanlurihcp.it\">www.sanlurihcp.it<\/a><\/strong><\/li>\n","protected":false},"excerpt":{"rendered":"<p>Il lavoro di cura familiare pu\u00f2 avere un impatto significativo sul benessere psicologico dei caregiver. Uno degli strumenti pi\u00f9 efficaci per sostenere emotivamente i familiari nel loro percorso \u00e8 il gruppo di auto-mutuo aiuto, come luogo di ascolto privilegiato rispetto a bisogni e problemi, sentimenti, emozioni difficili, risorse della persona. ANS dispone di operatori formati<\/p>\n","protected":false},"author":1,"featured_media":0,"parent":285,"menu_order":0,"comment_status":"open","ping_status":"open","template":"page-template-fullwidth.php","meta":{"footnotes":""},"categories":[],"tags":[],"class_list":["post-518","page","type-page","status-publish","hentry"],"_links":{"self":[{"href":"https:\/\/www.anzianienonsolo.it\/online\/wp-json\/wp\/v2\/pages\/518"}],"collection":[{"href":"https:\/\/www.anzianienonsolo.it\/online\/wp-json\/wp\/v2\/pages"}],"about":[{"href":"https:\/\/www.anzianienonsolo.it\/online\/wp-json\/wp\/v2\/types\/page"}],"author":[{"embeddable":true,"href":"https:\/\/www.anzianienonsolo.it\/online\/wp-json\/wp\/v2\/users\/1"}],"replies":[{"embeddable":true,"href":"https:\/\/www.anzianienonsolo.it\/online\/wp-json\/wp\/v2\/comments?post=518"}],"version-history":[{"count":0,"href":"https:\/\/www.anzianienonsolo.it\/online\/wp-json\/wp\/v2\/pages\/518\/revisions"}],"up":[{"embeddable":true,"href":"https:\/\/www.anzianienonsolo.it\/online\/wp-json\/wp\/v2\/pages\/285"}],"wp:attachment":[{"href":"https:\/\/www.anzianienonsolo.it\/online\/wp-json\/wp\/v2\/media?parent=518"}],"wp:term":[{"taxonomy":"category","embeddable":true,"href":"https:\/\/www.anzianienonsolo.it\/online\/wp-json\/wp\/v2\/categories?post=518"},{"taxonomy":"post_tag","embeddable":true,"href":"https:\/\/www.anzianienonsolo.it\/online\/wp-json\/wp\/v2\/tags?post=518"}],"curies":[{"name":"wp","href":"https:\/\/api.w.org\/{rel}","templated":true}]}}