{"id":13409,"date":"2026-03-30T15:31:17","date_gmt":"2026-03-30T13:31:17","guid":{"rendered":"https:\/\/www.anzianienonsolo.it\/online\/?page_id=13409"},"modified":"2026-03-30T15:32:21","modified_gmt":"2026-03-30T13:32:21","slug":"quando-qualcosa-non-va-riconoscere-i-segnali-dallarme-e-cercare-supporto-per-i-giovani-con-autismo","status":"publish","type":"page","link":"https:\/\/www.anzianienonsolo.it\/online\/quando-qualcosa-non-va-riconoscere-i-segnali-dallarme-e-cercare-supporto-per-i-giovani-con-autismo\/","title":{"rendered":"\u00a0Quando \u201cqualcosa non va\u201d: riconoscere i segnali d\u2019allarme e cercare supporto (per i giovani con autismo)\u00a0"},"content":{"rendered":"\t\t<div data-elementor-type=\"wp-page\" data-elementor-id=\"13409\" class=\"elementor elementor-13409\">\n\t\t\t\t\t\t<section class=\"elementor-section elementor-top-section elementor-element elementor-element-f700520 elementor-section-full_width elementor-section-height-default elementor-section-height-default\" data-id=\"f700520\" data-element_type=\"section\">\n\t\t\t\t\t\t<div class=\"elementor-container elementor-column-gap-default\">\n\t\t\t\t\t<div class=\"elementor-column elementor-col-33 elementor-top-column elementor-element elementor-element-60af5fe\" data-id=\"60af5fe\" data-element_type=\"column\">\n\t\t\t<div class=\"elementor-widget-wrap elementor-element-populated\">\n\t\t\t\t\t\t<div class=\"elementor-element elementor-element-4e733bf elementor-widget elementor-widget-image\" data-id=\"4e733bf\" data-element_type=\"widget\" data-widget_type=\"image.default\">\n\t\t\t\t<div class=\"elementor-widget-container\">\n\t\t\t\t\t\t\t\t\t\t\t\t\t\t\t<img decoding=\"async\" width=\"300\" height=\"101\" src=\"https:\/\/www.anzianienonsolo.it\/online\/wp-content\/uploads\/2025\/07\/Logo_Vera_project-300x101.png\" class=\"attachment-medium size-medium wp-image-12558\" alt=\"\" srcset=\"https:\/\/www.anzianienonsolo.it\/online\/wp-content\/uploads\/2025\/07\/Logo_Vera_project-300x101.png 300w, https:\/\/www.anzianienonsolo.it\/online\/wp-content\/uploads\/2025\/07\/Logo_Vera_project-1024x345.png 1024w, https:\/\/www.anzianienonsolo.it\/online\/wp-content\/uploads\/2025\/07\/Logo_Vera_project-768x259.png 768w, https:\/\/www.anzianienonsolo.it\/online\/wp-content\/uploads\/2025\/07\/Logo_Vera_project-1536x518.png 1536w, https:\/\/www.anzianienonsolo.it\/online\/wp-content\/uploads\/2025\/07\/Logo_Vera_project-2048x690.png 2048w, https:\/\/www.anzianienonsolo.it\/online\/wp-content\/uploads\/2025\/07\/Logo_Vera_project-900x303.png 900w\" sizes=\"(max-width: 300px) 100vw, 300px\" \/>\t\t\t\t\t\t\t\t\t\t\t\t\t\t\t<\/div>\n\t\t\t\t<\/div>\n\t\t\t\t\t<\/div>\n\t\t<\/div>\n\t\t\t\t<div class=\"elementor-column elementor-col-66 elementor-top-column elementor-element elementor-element-040ea64\" data-id=\"040ea64\" data-element_type=\"column\">\n\t\t\t<div class=\"elementor-widget-wrap elementor-element-populated\">\n\t\t\t\t\t\t<div class=\"elementor-element elementor-element-b18baa9 elementor-widget elementor-widget-spacer\" data-id=\"b18baa9\" data-element_type=\"widget\" data-widget_type=\"spacer.default\">\n\t\t\t\t<div class=\"elementor-widget-container\">\n\t\t\t\t\t\t\t<div class=\"elementor-spacer\">\n\t\t\t<div class=\"elementor-spacer-inner\"><\/div>\n\t\t<\/div>\n\t\t\t\t\t\t<\/div>\n\t\t\t\t<\/div>\n\t\t\t\t<div class=\"elementor-element elementor-element-36f2e89 consulting_menu_nav__align-left consulting_menu_nav__breakpoint-tablet elementor-widget elementor-widget-stm_header_menu\" data-id=\"36f2e89\" data-element_type=\"widget\" data-widget_type=\"stm_header_menu.default\">\n\t\t\t\t<div class=\"elementor-widget-container\">\n\t\t\t\t\t\t\t<div class=\"consulting_menu_nav consulting_menu_nav-layout\">\n\t\t\t<div class=\"menu_toggle\">\n\t\t\t\t<button><\/button>\n\t\t\t<\/div>\n\t\t\t<nav class=\"consulting_menu_nav__separator-no consulting_menu_nav__pointer_none consulting_menu_nav__submenu-icon-none\"><ul id=\"menu-1-36f2e89\" class=\"consulting_menu_nav\"><li id=\"menu-item-12697\" class=\"menu-item menu-item-type-custom menu-item-object-custom menu-item-12697\"><a href=\"https:\/\/www.anzianienonsolo.it\/online\/works\/cerv-daphne-vera\/\">Home<\/a><\/li>\n<li id=\"menu-item-12664\" class=\"menu-item menu-item-type-post_type menu-item-object-page menu-item-12664\"><a href=\"https:\/\/www.anzianienonsolo.it\/online\/partners\/\">Partners<\/a><\/li>\n<li id=\"menu-item-12720\" class=\"menu-item menu-item-type-post_type menu-item-object-page menu-item-12720\"><a href=\"https:\/\/www.anzianienonsolo.it\/online\/vera-news\/\">Vera News<\/a><\/li>\n<\/ul><\/nav>\n\t\t<\/div>\n\t\t\t\t\t\t<\/div>\n\t\t\t\t<\/div>\n\t\t\t\t\t<\/div>\n\t\t<\/div>\n\t\t\t\t\t<\/div>\n\t\t<\/section>\n\t\t\t\t<section class=\"elementor-section elementor-top-section elementor-element elementor-element-8ffd889 elementor-section-boxed elementor-section-height-default elementor-section-height-default\" data-id=\"8ffd889\" data-element_type=\"section\">\n\t\t\t\t\t\t<div class=\"elementor-container elementor-column-gap-default\">\n\t\t\t\t\t<div class=\"elementor-column elementor-col-100 elementor-top-column elementor-element elementor-element-29086c8\" data-id=\"29086c8\" data-element_type=\"column\">\n\t\t\t<div class=\"elementor-widget-wrap elementor-element-populated\">\n\t\t\t\t\t\t<div class=\"elementor-element elementor-element-3d2d166 elementor-widget elementor-widget-spacer\" data-id=\"3d2d166\" data-element_type=\"widget\" data-widget_type=\"spacer.default\">\n\t\t\t\t<div class=\"elementor-widget-container\">\n\t\t\t\t\t\t\t<div class=\"elementor-spacer\">\n\t\t\t<div class=\"elementor-spacer-inner\"><\/div>\n\t\t<\/div>\n\t\t\t\t\t\t<\/div>\n\t\t\t\t<\/div>\n\t\t\t\t\t<\/div>\n\t\t<\/div>\n\t\t\t\t\t<\/div>\n\t\t<\/section>\n\t\t\t\t<section class=\"elementor-section elementor-top-section elementor-element elementor-element-d129aa9 elementor-section-boxed elementor-section-height-default elementor-section-height-default\" data-id=\"d129aa9\" data-element_type=\"section\">\n\t\t\t\t\t\t<div class=\"elementor-container elementor-column-gap-default\">\n\t\t\t\t\t<div class=\"elementor-column elementor-col-100 elementor-top-column elementor-element elementor-element-f4fd5a4\" data-id=\"f4fd5a4\" data-element_type=\"column\">\n\t\t\t<div class=\"elementor-widget-wrap elementor-element-populated\">\n\t\t\t\t\t\t<div class=\"elementor-element elementor-element-66eb643 elementor-widget elementor-widget-heading\" data-id=\"66eb643\" data-element_type=\"widget\" data-widget_type=\"heading.default\">\n\t\t\t\t<div class=\"elementor-widget-container\">\n\t\t\t\t\t<h3 class=\"elementor-heading-title elementor-size-default\">Quando \u201cqualcosa non va\u201d: riconoscere i segnali d\u2019allarme e cercare supporto (per i giovani con autismo)\n<\/h3>\t\t\t\t<\/div>\n\t\t\t\t<\/div>\n\t\t\t\t\t<\/div>\n\t\t<\/div>\n\t\t\t\t\t<\/div>\n\t\t<\/section>\n\t\t\t\t<section class=\"elementor-section elementor-top-section elementor-element elementor-element-32fd5add elementor-section-boxed elementor-section-height-default elementor-section-height-default\" data-id=\"32fd5add\" data-element_type=\"section\">\n\t\t\t\t\t\t<div class=\"elementor-container elementor-column-gap-default\">\n\t\t\t\t\t<div class=\"elementor-column elementor-col-100 elementor-top-column elementor-element elementor-element-5daa78ea\" data-id=\"5daa78ea\" data-element_type=\"column\">\n\t\t\t<div class=\"elementor-widget-wrap elementor-element-populated\">\n\t\t\t\t\t\t<div class=\"elementor-element elementor-element-230e86c elementor-widget elementor-widget-text-editor\" data-id=\"230e86c\" data-element_type=\"widget\" data-widget_type=\"text-editor.default\">\n\t\t\t\t<div class=\"elementor-widget-container\">\n\t\t\t\t\t\t\t\t\t<p><\/p>\n<p style=\"font-weight: 400;\">Molti giovani imparano a valutare le situazioni di rischio attraverso sottili segnali sociali e \u201csensazioni viscerali\u201d. Per i giovani con autismo, questi segnali possono essere pi\u00f9 difficili da interpretare, soprattutto quando la pressione \u00e8 indiretta, presentata come uno scherzo o mescolata ad attenzioni e approvazione. La prevenzione deve quindi essere esplicita, pratica e basata sulle competenze, piuttosto che affidata a regole sociali non scritte.<\/p>\n<p style=\"font-weight: 400;\">Le recenti ricerche indicano che gli individui autistici subiscono tassi pi\u00f9 elevati di vittimizzazione rispetto ai coetanei non autistici, inclusi bullismo e altre forme di danno (Trundle et al., 2022\/2023). Non si tratta di dipingere i giovani con autismo come \u201cindifesi\u201d; ma si intende evidenziare la necessit\u00e0 di strumenti chiari e accessibili che supportino una maggiore autonomia e sicurezza nelle relazioni quotidiane.<\/p>\n<p style=\"font-weight: 400;\"><strong>I segnali d&#8217;allarme sono schemi ricorrenti, non &#8220;persone cattive&#8221;.<\/strong><\/p>\n<p style=\"font-weight: 400;\">Un modo utile per comprendere i segnali d&#8217;allarme \u00e8 concentrarsi sugli schemi che si ripetono e che riducono le possibilit\u00e0 di scelta e aumentano la pressione: la persistenza dopo un chiaro &#8220;no&#8221; o &#8220;non ora&#8221;, le richieste di segretezza, l&#8217;umiliazione o l&#8217;esclusione, il senso di colpa o le minacce, la logica del &#8220;mi devi qualcosa&#8221;, i tentativi di isolare una persona dalle sue fonti di supporto fidate. Concentrarsi sugli schemi \u00e8 importante perch\u00e9 l&#8217;intento pu\u00f2 essere ambiguo; un&#8217;escalation osservabile \u00e8 spesso pi\u00f9 facile da riconoscere che indovinare cosa qualcuno &#8220;intenda veramente&#8221;. Le revisioni sulla vittimizzazione da bullismo tra gli studenti autistici sottolineano come le dinamiche tra pari, il contesto scolastico e i fattori individuali possano combinarsi per aumentare il rischio, supportando approcci di prevenzione che rendano espliciti gli schemi di allarme (Wang, 2024).<\/p>\n<p style=\"font-weight: 400;\">\u00a0<\/p>\n<p style=\"font-weight: 400;\"><strong>Cosa aiuta: linguaggio concreto + opzioni testate<\/strong><\/p>\n<p style=\"font-weight: 400;\">La prevenzione \u00e8 pi\u00f9 efficace quando i giovani hanno a disposizione opzioni semplici e ripetibili da utilizzare sotto stress: brevi frasi di rifiuto (ad esempio, &#8220;no&#8221;, &#8220;stop&#8221;, &#8220;non ora&#8221;), l&#8217;abitudine di &#8220;fare una pausa e verificare&#8221;, sapere dove trovare aiuto, esercitarsi a descrivere l&#8217;accaduto in termini chiari e concreti. Le evidenze suggeriscono inoltre che l&#8217;educazione sessuale e relazionale pensata per gli studenti autistici \u00e8 ancora limitata e disomogenea, il che rafforza l&#8217;importanza di un insegnamento strutturato e sensibile all&#8217;autismo su limiti, consenso e sicurezza (Ragaglia et al., 2023; Motamed et al., 2025).<\/p>\n<p style=\"font-weight: 400;\"><strong>Perch\u00e9 VERA utilizza metodi teatrali<\/strong><\/p>\n<p style=\"font-weight: 400;\">Imparare a conoscere la sicurezza non significa solo conoscere i fatti, ma anche esercitarsi a fare scelte e a comunicare in un contesto di supporto. L&#8217;approccio formativo di VERA combina l&#8217;apprendimento strutturato con metodi partecipativi ed esperienziali, tra cui il Teatro dell&#8217;Oppresso e il Teatro Forum, per aiutare i partecipanti a esplorare scenari, identificare i punti critici e sperimentare alternative pi\u00f9 sicure in modo concreto e memorabile. La ricerca sulle tecniche teatrali negli interventi per l&#8217;autismo e sulla partecipazione al teatro in generale suggerisce potenziali benefici per gli esiti socio-emotivi e comunicativi (Mart\u00ed-Vilar et al., 2023).<\/p>\n<p style=\"font-weight: 400;\"><strong>Un messaggio condiviso: un&#8217;autonomia pi\u00f9 sicura \u00e8 possibile.<\/strong><\/p>\n<p style=\"font-weight: 400;\">La sensibilizzazione non si basa sulla paura. Si tratta di rafforzare i giovani con autismo affinch\u00e9 riconoscano i rischi precocemente, comunichino i propri limiti in modo pi\u00f9 chiaro e accedano al supporto senza vergogna. Quando famiglie, professionisti e coetanei condividono un linguaggio comune riguardo ai segnali di allarme, al consenso e alla ricerca di aiuto, la prevenzione diventa pi\u00f9 realistica e pi\u00f9 sostenibile.<\/p>\n<p style=\"font-weight: 400;\">\u00a0<\/p>\n<p style=\"font-weight: 400;\">\u00a0<\/p>\n<p><\/p>\n\t\t\t\t\t\t\t\t<\/div>\n\t\t\t\t<\/div>\n\t\t\t\t\t<\/div>\n\t\t<\/div>\n\t\t\t\t\t<\/div>\n\t\t<\/section>\n\t\t\t\t<\/div>\n\t\t","protected":false},"excerpt":{"rendered":"<p>Home Partners Vera News Quando \u201cqualcosa non va\u201d: riconoscere i segnali d\u2019allarme e cercare supporto (per i giovani con autismo) Molti giovani imparano a valutare le situazioni di rischio attraverso sottili segnali sociali e \u201csensazioni viscerali\u201d. Per i giovani con autismo, questi segnali possono essere pi\u00f9 difficili da interpretare, soprattutto quando la pressione \u00e8 indiretta,<\/p>\n","protected":false},"author":1,"featured_media":11934,"parent":0,"menu_order":0,"comment_status":"closed","ping_status":"closed","template":"elementor_canvas","meta":{"footnotes":""},"categories":[561],"tags":[],"class_list":["post-13409","page","type-page","status-publish","has-post-thumbnail","hentry","category-vera-italia"],"_links":{"self":[{"href":"https:\/\/www.anzianienonsolo.it\/online\/wp-json\/wp\/v2\/pages\/13409"}],"collection":[{"href":"https:\/\/www.anzianienonsolo.it\/online\/wp-json\/wp\/v2\/pages"}],"about":[{"href":"https:\/\/www.anzianienonsolo.it\/online\/wp-json\/wp\/v2\/types\/page"}],"author":[{"embeddable":true,"href":"https:\/\/www.anzianienonsolo.it\/online\/wp-json\/wp\/v2\/users\/1"}],"replies":[{"embeddable":true,"href":"https:\/\/www.anzianienonsolo.it\/online\/wp-json\/wp\/v2\/comments?post=13409"}],"version-history":[{"count":4,"href":"https:\/\/www.anzianienonsolo.it\/online\/wp-json\/wp\/v2\/pages\/13409\/revisions"}],"predecessor-version":[{"id":13413,"href":"https:\/\/www.anzianienonsolo.it\/online\/wp-json\/wp\/v2\/pages\/13409\/revisions\/13413"}],"wp:featuredmedia":[{"embeddable":true,"href":"https:\/\/www.anzianienonsolo.it\/online\/wp-json\/wp\/v2\/media\/11934"}],"wp:attachment":[{"href":"https:\/\/www.anzianienonsolo.it\/online\/wp-json\/wp\/v2\/media?parent=13409"}],"wp:term":[{"taxonomy":"category","embeddable":true,"href":"https:\/\/www.anzianienonsolo.it\/online\/wp-json\/wp\/v2\/categories?post=13409"},{"taxonomy":"post_tag","embeddable":true,"href":"https:\/\/www.anzianienonsolo.it\/online\/wp-json\/wp\/v2\/tags?post=13409"}],"curies":[{"name":"wp","href":"https:\/\/api.w.org\/{rel}","templated":true}]}}