{"id":13382,"date":"2026-03-30T14:37:06","date_gmt":"2026-03-30T12:37:06","guid":{"rendered":"https:\/\/www.anzianienonsolo.it\/online\/?page_id=13382"},"modified":"2026-03-30T14:37:55","modified_gmt":"2026-03-30T12:37:55","slug":"perche-per-le-persone-con-disturbo-dello-spettro-autistico-puo-essere-piu-difficile-costruire-relazioni-sane","status":"publish","type":"page","link":"https:\/\/www.anzianienonsolo.it\/online\/perche-per-le-persone-con-disturbo-dello-spettro-autistico-puo-essere-piu-difficile-costruire-relazioni-sane\/","title":{"rendered":"Perch\u00e9 per le persone con disturbo dello spettro autistico pu\u00f2 essere pi\u00f9 difficile costruire relazioni sane?"},"content":{"rendered":"\t\t<div data-elementor-type=\"wp-page\" data-elementor-id=\"13382\" class=\"elementor elementor-13382\">\n\t\t\t\t\t\t<section class=\"elementor-section elementor-top-section elementor-element elementor-element-f700520 elementor-section-full_width elementor-section-height-default elementor-section-height-default\" data-id=\"f700520\" data-element_type=\"section\">\n\t\t\t\t\t\t<div class=\"elementor-container elementor-column-gap-default\">\n\t\t\t\t\t<div class=\"elementor-column elementor-col-33 elementor-top-column elementor-element elementor-element-60af5fe\" data-id=\"60af5fe\" data-element_type=\"column\">\n\t\t\t<div class=\"elementor-widget-wrap elementor-element-populated\">\n\t\t\t\t\t\t<div class=\"elementor-element elementor-element-4e733bf elementor-widget elementor-widget-image\" data-id=\"4e733bf\" data-element_type=\"widget\" data-widget_type=\"image.default\">\n\t\t\t\t<div class=\"elementor-widget-container\">\n\t\t\t\t\t\t\t\t\t\t\t\t\t\t\t<img decoding=\"async\" width=\"300\" height=\"101\" src=\"https:\/\/www.anzianienonsolo.it\/online\/wp-content\/uploads\/2025\/07\/Logo_Vera_project-300x101.png\" class=\"attachment-medium size-medium wp-image-12558\" alt=\"\" srcset=\"https:\/\/www.anzianienonsolo.it\/online\/wp-content\/uploads\/2025\/07\/Logo_Vera_project-300x101.png 300w, https:\/\/www.anzianienonsolo.it\/online\/wp-content\/uploads\/2025\/07\/Logo_Vera_project-1024x345.png 1024w, https:\/\/www.anzianienonsolo.it\/online\/wp-content\/uploads\/2025\/07\/Logo_Vera_project-768x259.png 768w, https:\/\/www.anzianienonsolo.it\/online\/wp-content\/uploads\/2025\/07\/Logo_Vera_project-1536x518.png 1536w, https:\/\/www.anzianienonsolo.it\/online\/wp-content\/uploads\/2025\/07\/Logo_Vera_project-2048x690.png 2048w, https:\/\/www.anzianienonsolo.it\/online\/wp-content\/uploads\/2025\/07\/Logo_Vera_project-900x303.png 900w\" sizes=\"(max-width: 300px) 100vw, 300px\" \/>\t\t\t\t\t\t\t\t\t\t\t\t\t\t\t<\/div>\n\t\t\t\t<\/div>\n\t\t\t\t\t<\/div>\n\t\t<\/div>\n\t\t\t\t<div class=\"elementor-column elementor-col-66 elementor-top-column elementor-element elementor-element-040ea64\" data-id=\"040ea64\" data-element_type=\"column\">\n\t\t\t<div class=\"elementor-widget-wrap elementor-element-populated\">\n\t\t\t\t\t\t<div class=\"elementor-element elementor-element-b18baa9 elementor-widget elementor-widget-spacer\" data-id=\"b18baa9\" data-element_type=\"widget\" data-widget_type=\"spacer.default\">\n\t\t\t\t<div class=\"elementor-widget-container\">\n\t\t\t\t\t\t\t<div class=\"elementor-spacer\">\n\t\t\t<div class=\"elementor-spacer-inner\"><\/div>\n\t\t<\/div>\n\t\t\t\t\t\t<\/div>\n\t\t\t\t<\/div>\n\t\t\t\t<div class=\"elementor-element elementor-element-36f2e89 consulting_menu_nav__align-left consulting_menu_nav__breakpoint-tablet elementor-widget elementor-widget-stm_header_menu\" data-id=\"36f2e89\" data-element_type=\"widget\" data-widget_type=\"stm_header_menu.default\">\n\t\t\t\t<div class=\"elementor-widget-container\">\n\t\t\t\t\t\t\t<div class=\"consulting_menu_nav consulting_menu_nav-layout\">\n\t\t\t<div class=\"menu_toggle\">\n\t\t\t\t<button><\/button>\n\t\t\t<\/div>\n\t\t\t<nav class=\"consulting_menu_nav__separator-no consulting_menu_nav__pointer_none consulting_menu_nav__submenu-icon-none\"><ul id=\"menu-1-36f2e89\" class=\"consulting_menu_nav\"><li id=\"menu-item-12697\" class=\"menu-item menu-item-type-custom menu-item-object-custom menu-item-12697\"><a href=\"https:\/\/www.anzianienonsolo.it\/online\/works\/cerv-daphne-vera\/\">Home<\/a><\/li>\n<li id=\"menu-item-12664\" class=\"menu-item menu-item-type-post_type menu-item-object-page menu-item-12664\"><a href=\"https:\/\/www.anzianienonsolo.it\/online\/partners\/\">Partners<\/a><\/li>\n<li id=\"menu-item-12720\" class=\"menu-item menu-item-type-post_type menu-item-object-page menu-item-12720\"><a href=\"https:\/\/www.anzianienonsolo.it\/online\/vera-news\/\">Vera News<\/a><\/li>\n<\/ul><\/nav>\n\t\t<\/div>\n\t\t\t\t\t\t<\/div>\n\t\t\t\t<\/div>\n\t\t\t\t\t<\/div>\n\t\t<\/div>\n\t\t\t\t\t<\/div>\n\t\t<\/section>\n\t\t\t\t<section class=\"elementor-section elementor-top-section elementor-element elementor-element-8ffd889 elementor-section-boxed elementor-section-height-default elementor-section-height-default\" data-id=\"8ffd889\" data-element_type=\"section\">\n\t\t\t\t\t\t<div class=\"elementor-container elementor-column-gap-default\">\n\t\t\t\t\t<div class=\"elementor-column elementor-col-100 elementor-top-column elementor-element elementor-element-29086c8\" data-id=\"29086c8\" data-element_type=\"column\">\n\t\t\t<div class=\"elementor-widget-wrap elementor-element-populated\">\n\t\t\t\t\t\t<div class=\"elementor-element elementor-element-3d2d166 elementor-widget elementor-widget-spacer\" data-id=\"3d2d166\" data-element_type=\"widget\" data-widget_type=\"spacer.default\">\n\t\t\t\t<div class=\"elementor-widget-container\">\n\t\t\t\t\t\t\t<div class=\"elementor-spacer\">\n\t\t\t<div class=\"elementor-spacer-inner\"><\/div>\n\t\t<\/div>\n\t\t\t\t\t\t<\/div>\n\t\t\t\t<\/div>\n\t\t\t\t\t<\/div>\n\t\t<\/div>\n\t\t\t\t\t<\/div>\n\t\t<\/section>\n\t\t\t\t<section class=\"elementor-section elementor-top-section elementor-element elementor-element-d129aa9 elementor-section-boxed elementor-section-height-default elementor-section-height-default\" data-id=\"d129aa9\" data-element_type=\"section\">\n\t\t\t\t\t\t<div class=\"elementor-container elementor-column-gap-default\">\n\t\t\t\t\t<div class=\"elementor-column elementor-col-100 elementor-top-column elementor-element elementor-element-f4fd5a4\" data-id=\"f4fd5a4\" data-element_type=\"column\">\n\t\t\t<div class=\"elementor-widget-wrap elementor-element-populated\">\n\t\t\t\t\t\t<div class=\"elementor-element elementor-element-66eb643 elementor-widget elementor-widget-heading\" data-id=\"66eb643\" data-element_type=\"widget\" data-widget_type=\"heading.default\">\n\t\t\t\t<div class=\"elementor-widget-container\">\n\t\t\t\t\t<h3 class=\"elementor-heading-title elementor-size-default\">Perch\u00e9 per le persone con disturbo dello spettro autistico pu\u00f2 essere pi\u00f9 difficile costruire relazioni sane?\n<\/h3>\t\t\t\t<\/div>\n\t\t\t\t<\/div>\n\t\t\t\t\t<\/div>\n\t\t<\/div>\n\t\t\t\t\t<\/div>\n\t\t<\/section>\n\t\t\t\t<section class=\"elementor-section elementor-top-section elementor-element elementor-element-32fd5add elementor-section-boxed elementor-section-height-default elementor-section-height-default\" data-id=\"32fd5add\" data-element_type=\"section\">\n\t\t\t\t\t\t<div class=\"elementor-container elementor-column-gap-default\">\n\t\t\t\t\t<div class=\"elementor-column elementor-col-100 elementor-top-column elementor-element elementor-element-5daa78ea\" data-id=\"5daa78ea\" data-element_type=\"column\">\n\t\t\t<div class=\"elementor-widget-wrap elementor-element-populated\">\n\t\t\t\t\t\t<div class=\"elementor-element elementor-element-230e86c elementor-widget elementor-widget-text-editor\" data-id=\"230e86c\" data-element_type=\"widget\" data-widget_type=\"text-editor.default\">\n\t\t\t\t<div class=\"elementor-widget-container\">\n\t\t\t\t\t\t\t\t\t<p style=\"font-weight: 400;\">Le relazioni si basano sulla comunicazione: esprimere i propri sentimenti, comprendere e ascoltare il partner, stabilire dei limiti e comunicare i propri bisogni. Ora immaginate che uno dei partner veda il mondo attraverso una lente che rende tutto ci\u00f2 pi\u00f9 difficile.<\/p>\n<p style=\"font-weight: 400;\">\u00a0<\/p>\n<p style=\"font-weight: 400;\">Le persone con Disturbo dello Spettro Autistico (ASD) esprimono il loro affetto e gestiscono le relazioni in modo diverso. Questo varia anche da persona a persona, quindi \u00e8 difficile definirlo in termini generali. Tuttavia, di solito la comunicazione indiretta \u00e8 una delle maggiori difficolt\u00e0. Le persone con ASD possono avere difficolt\u00e0 a interpretare il linguaggio del corpo, i cambiamenti di tono o i sottili segnali sociali. Questo rende particolarmente difficile per loro comprendere le intenzioni di un&#8217;altra persona e riconoscere comportamenti pericolosi, a meno che non vengano comunicati direttamente.<\/p>\n<p style=\"font-weight: 400;\">\u00a0<\/p>\n<p style=\"font-weight: 400;\">Di conseguenza, le persone con ASD corrono un rischio maggiore di essere coinvolte in relazioni malsane. La ricerca suggerisce che questo rischio \u00e8 particolarmente rilevante per le giovani donne, in quanto sono spesso vittime di molestie sessuali e altre forme di abuso.<\/p>\n<p style=\"font-weight: 400;\">\u00a0<\/p>\n<p style=\"font-weight: 400;\">Ecco perch\u00e9 \u00e8 molto importante parlare apertamente di questi rischi con i giovani adulti con ASD. Il nostro progetto sta sviluppando un modello di formazione e risorse educative specificamente pensate per i giovani autistici, al fine di aiutarli a riconoscere i segnali di relazioni malsane e a proteggersi.<\/p>\n<p style=\"font-weight: 400;\">\u00a0<\/p>\n<p style=\"font-weight: 400;\">Seguiteci per saperne di pi\u00f9 sugli sviluppi del progetto VERA e per rimanere aggiornati sulle prossime sessioni di formazione nel vostro paese.<\/p>\n\t\t\t\t\t\t\t\t<\/div>\n\t\t\t\t<\/div>\n\t\t\t\t\t<\/div>\n\t\t<\/div>\n\t\t\t\t\t<\/div>\n\t\t<\/section>\n\t\t\t\t<\/div>\n\t\t","protected":false},"excerpt":{"rendered":"<p>Home Partners Vera News Perch\u00e9 per le persone con disturbo dello spettro autistico pu\u00f2 essere pi\u00f9 difficile costruire relazioni sane? Le relazioni si basano sulla comunicazione: esprimere i propri sentimenti, comprendere e ascoltare il partner, stabilire dei limiti e comunicare i propri bisogni. Ora immaginate che uno dei partner veda il mondo attraverso una lente<\/p>\n","protected":false},"author":1,"featured_media":13355,"parent":0,"menu_order":0,"comment_status":"closed","ping_status":"closed","template":"elementor_canvas","meta":{"footnotes":""},"categories":[561],"tags":[],"class_list":["post-13382","page","type-page","status-publish","has-post-thumbnail","hentry","category-vera-italia"],"_links":{"self":[{"href":"https:\/\/www.anzianienonsolo.it\/online\/wp-json\/wp\/v2\/pages\/13382"}],"collection":[{"href":"https:\/\/www.anzianienonsolo.it\/online\/wp-json\/wp\/v2\/pages"}],"about":[{"href":"https:\/\/www.anzianienonsolo.it\/online\/wp-json\/wp\/v2\/types\/page"}],"author":[{"embeddable":true,"href":"https:\/\/www.anzianienonsolo.it\/online\/wp-json\/wp\/v2\/users\/1"}],"replies":[{"embeddable":true,"href":"https:\/\/www.anzianienonsolo.it\/online\/wp-json\/wp\/v2\/comments?post=13382"}],"version-history":[{"count":7,"href":"https:\/\/www.anzianienonsolo.it\/online\/wp-json\/wp\/v2\/pages\/13382\/revisions"}],"predecessor-version":[{"id":13389,"href":"https:\/\/www.anzianienonsolo.it\/online\/wp-json\/wp\/v2\/pages\/13382\/revisions\/13389"}],"wp:featuredmedia":[{"embeddable":true,"href":"https:\/\/www.anzianienonsolo.it\/online\/wp-json\/wp\/v2\/media\/13355"}],"wp:attachment":[{"href":"https:\/\/www.anzianienonsolo.it\/online\/wp-json\/wp\/v2\/media?parent=13382"}],"wp:term":[{"taxonomy":"category","embeddable":true,"href":"https:\/\/www.anzianienonsolo.it\/online\/wp-json\/wp\/v2\/categories?post=13382"},{"taxonomy":"post_tag","embeddable":true,"href":"https:\/\/www.anzianienonsolo.it\/online\/wp-json\/wp\/v2\/tags?post=13382"}],"curies":[{"name":"wp","href":"https:\/\/api.w.org\/{rel}","templated":true}]}}