{"id":12815,"date":"2025-07-31T14:33:07","date_gmt":"2025-07-31T12:33:07","guid":{"rendered":"https:\/\/www.anzianienonsolo.it\/online\/?page_id=12815"},"modified":"2026-03-30T15:00:53","modified_gmt":"2026-03-30T13:00:53","slug":"notizie-dal-progetto","status":"publish","type":"page","link":"https:\/\/www.anzianienonsolo.it\/online\/notizie-dal-progetto\/","title":{"rendered":"Notizie dal progetto"},"content":{"rendered":"\t\t<div data-elementor-type=\"wp-page\" data-elementor-id=\"12815\" class=\"elementor elementor-12815\">\n\t\t\t\t\t\t<section class=\"elementor-section elementor-top-section elementor-element elementor-element-f56b045 elementor-section-full_width elementor-section-height-default elementor-section-height-default\" data-id=\"f56b045\" data-element_type=\"section\">\n\t\t\t\t\t\t<div class=\"elementor-container elementor-column-gap-default\">\n\t\t\t\t\t<div class=\"elementor-column elementor-col-33 elementor-top-column elementor-element elementor-element-994c97c\" data-id=\"994c97c\" data-element_type=\"column\">\n\t\t\t<div class=\"elementor-widget-wrap elementor-element-populated\">\n\t\t\t\t\t\t<div class=\"elementor-element elementor-element-71d8080 elementor-widget elementor-widget-image\" data-id=\"71d8080\" data-element_type=\"widget\" data-widget_type=\"image.default\">\n\t\t\t\t<div class=\"elementor-widget-container\">\n\t\t\t\t\t\t\t\t\t\t\t\t\t\t\t<img decoding=\"async\" width=\"300\" height=\"101\" src=\"https:\/\/www.anzianienonsolo.it\/online\/wp-content\/uploads\/2025\/07\/Logo_Vera_project-300x101.png\" class=\"attachment-medium size-medium wp-image-12558\" alt=\"\" srcset=\"https:\/\/www.anzianienonsolo.it\/online\/wp-content\/uploads\/2025\/07\/Logo_Vera_project-300x101.png 300w, https:\/\/www.anzianienonsolo.it\/online\/wp-content\/uploads\/2025\/07\/Logo_Vera_project-1024x345.png 1024w, https:\/\/www.anzianienonsolo.it\/online\/wp-content\/uploads\/2025\/07\/Logo_Vera_project-768x259.png 768w, https:\/\/www.anzianienonsolo.it\/online\/wp-content\/uploads\/2025\/07\/Logo_Vera_project-1536x518.png 1536w, https:\/\/www.anzianienonsolo.it\/online\/wp-content\/uploads\/2025\/07\/Logo_Vera_project-2048x690.png 2048w, https:\/\/www.anzianienonsolo.it\/online\/wp-content\/uploads\/2025\/07\/Logo_Vera_project-900x303.png 900w\" sizes=\"(max-width: 300px) 100vw, 300px\" \/>\t\t\t\t\t\t\t\t\t\t\t\t\t\t\t<\/div>\n\t\t\t\t<\/div>\n\t\t\t\t\t<\/div>\n\t\t<\/div>\n\t\t\t\t<div class=\"elementor-column elementor-col-66 elementor-top-column elementor-element elementor-element-e786944\" data-id=\"e786944\" data-element_type=\"column\">\n\t\t\t<div class=\"elementor-widget-wrap elementor-element-populated\">\n\t\t\t\t\t\t<div class=\"elementor-element elementor-element-792b80e elementor-widget elementor-widget-spacer\" data-id=\"792b80e\" data-element_type=\"widget\" data-widget_type=\"spacer.default\">\n\t\t\t\t<div class=\"elementor-widget-container\">\n\t\t\t\t\t\t\t<div class=\"elementor-spacer\">\n\t\t\t<div class=\"elementor-spacer-inner\"><\/div>\n\t\t<\/div>\n\t\t\t\t\t\t<\/div>\n\t\t\t\t<\/div>\n\t\t\t\t<div class=\"elementor-element elementor-element-772f4cc consulting_menu_nav__align-left consulting_menu_nav__breakpoint-tablet elementor-widget elementor-widget-stm_header_menu\" data-id=\"772f4cc\" data-element_type=\"widget\" data-widget_type=\"stm_header_menu.default\">\n\t\t\t\t<div class=\"elementor-widget-container\">\n\t\t\t\t\t\t\t<div class=\"consulting_menu_nav consulting_menu_nav-layout\">\n\t\t\t<div class=\"menu_toggle\">\n\t\t\t\t<button><\/button>\n\t\t\t<\/div>\n\t\t\t<nav class=\"consulting_menu_nav__separator-no consulting_menu_nav__pointer_none consulting_menu_nav__submenu-icon-none\"><ul id=\"menu-1-772f4cc\" class=\"consulting_menu_nav\"><li id=\"menu-item-12697\" class=\"menu-item menu-item-type-custom menu-item-object-custom menu-item-12697\"><a href=\"https:\/\/www.anzianienonsolo.it\/online\/works\/cerv-daphne-vera\/\">Home<\/a><\/li>\n<li id=\"menu-item-12664\" class=\"menu-item menu-item-type-post_type menu-item-object-page menu-item-12664\"><a href=\"https:\/\/www.anzianienonsolo.it\/online\/partners\/\">Partners<\/a><\/li>\n<li id=\"menu-item-12720\" class=\"menu-item menu-item-type-post_type menu-item-object-page menu-item-12720\"><a href=\"https:\/\/www.anzianienonsolo.it\/online\/vera-news\/\">Vera News<\/a><\/li>\n<\/ul><\/nav>\n\t\t<\/div>\n\t\t\t\t\t\t<\/div>\n\t\t\t\t<\/div>\n\t\t\t\t\t<\/div>\n\t\t<\/div>\n\t\t\t\t\t<\/div>\n\t\t<\/section>\n\t\t\t\t<section class=\"elementor-section elementor-top-section elementor-element elementor-element-f9af8d1 elementor-section-boxed elementor-section-height-default elementor-section-height-default\" data-id=\"f9af8d1\" data-element_type=\"section\">\n\t\t\t\t\t\t<div class=\"elementor-container elementor-column-gap-default\">\n\t\t\t\t\t<div class=\"elementor-column elementor-col-100 elementor-top-column elementor-element elementor-element-c127d07\" data-id=\"c127d07\" data-element_type=\"column\">\n\t\t\t<div class=\"elementor-widget-wrap elementor-element-populated\">\n\t\t\t\t\t\t<div class=\"elementor-element elementor-element-7fcb317 elementor-widget-divider--view-line elementor-widget elementor-widget-divider\" data-id=\"7fcb317\" data-element_type=\"widget\" data-widget_type=\"divider.default\">\n\t\t\t\t<div class=\"elementor-widget-container\">\n\t\t\t\t\t\t\t<div class=\"elementor-divider\">\n\t\t\t<span class=\"elementor-divider-separator\">\n\t\t\t\t\t\t<\/span>\n\t\t<\/div>\n\t\t\t\t\t\t<\/div>\n\t\t\t\t<\/div>\n\t\t\t\t\t<\/div>\n\t\t<\/div>\n\t\t\t\t\t<\/div>\n\t\t<\/section>\n\t\t\t\t<section class=\"elementor-section elementor-top-section elementor-element elementor-element-1129734 elementor-section-boxed elementor-section-height-default elementor-section-height-default\" data-id=\"1129734\" data-element_type=\"section\">\n\t\t\t\t\t\t<div class=\"elementor-container elementor-column-gap-default\">\n\t\t\t\t\t<div class=\"elementor-column elementor-col-100 elementor-top-column elementor-element elementor-element-72eb683\" data-id=\"72eb683\" data-element_type=\"column\">\n\t\t\t<div class=\"elementor-widget-wrap elementor-element-populated\">\n\t\t\t\t\t\t<div class=\"elementor-element elementor-element-c510ff6 elementor-widget elementor-widget-stm_news\" data-id=\"c510ff6\" data-element_type=\"widget\" data-widget_type=\"stm_news.default\">\n\t\t\t\t<div class=\"elementor-widget-container\">\n\t\t\t\t\t\t\t\t\t<div class=\"consulting_posts_box consulting_elementor_posts\n\t\t\t\tgrid\t\t\t\t\">\n\t\t\t\t\t<ul class=\"consulting_posts posts_per_row_3\">\n\t\t\t\t\t\t<li class=\"post_item\">\n\t<div class=\"post_inner\">\n\t\t\t\t\t<div class=\"image\">\n\t\t\t\t<a href=\"https:\/\/www.anzianienonsolo.it\/online\/quando-qualcosa-non-va-riconoscere-i-segnali-dallarme-e-cercare-supporto-per-i-giovani-con-autismo\/\">\n\t\t\t\t\t<img fetchpriority=\"high\" decoding=\"async\" width=\"350\" height=\"250\" src=\"https:\/\/www.anzianienonsolo.it\/online\/wp-content\/uploads\/2025\/06\/Firefly_un-gruppo-d-persone-sedute-in-cerchio-518229-350x250.jpg\" class=\"attachment-consulting-image-350x250-croped\" alt=\"\" title=\"Firefly_un gruppo d persone sedute in cerchio 518229\" \/>\t\t\t\t<\/a>\n\t\t\t<\/div>\n\t\t\t\t\t<div class=\"news_item_info content_left\">\n\t\t\t<h5 class=\"news_item_title line_under_title\">\n\t\t\t\t<a href=\"https:\/\/www.anzianienonsolo.it\/online\/quando-qualcosa-non-va-riconoscere-i-segnali-dallarme-e-cercare-supporto-per-i-giovani-con-autismo\/\">\u00a0Quando \u201cqualcosa non va\u201d: riconoscere i segnali d\u2019allarme e cercare supporto (per i giovani con autismo)\u00a0<\/a>\n\t\t\t<\/h5>\n\t\t\t\t\t\t\t<div class=\"category\">\n\t\t\t\t\t\t\t\t\t<\/div>\n\t\t\t\t\t\t\t\t<div class=\"news_info\">\n\t\t\t\t\t<p>Home Partners Vera News Quando \u201cqualcosa non va\u201d: riconoscere i segnali d\u2019allarme e cercare supporto (per i giovani con autismo) Molti giovani imparano a valutare le situazioni di rischio attraverso sottili segnali sociali e \u201csensazioni viscerali\u201d. Per i giovani con autismo, questi segnali possono essere pi\u00f9 difficili da interpretare, soprattutto quando la pressione \u00e8 indiretta,<\/p>\n\t\t\t\t<\/div>\n\t\t\t\t\t\t\t<div class=\"news_info_bottom\">\n\t\t\t\t\t\t\t\t\t<div class=\"date icon_before\">\n\t\t\t\t\t\t<span class=\"news_item_date\">30 Marzo 2026<\/span>\n\t\t\t\t\t<\/div>\n\t\t\t\t\t\t\t\t\t\t<a href=\"https:\/\/www.anzianienonsolo.it\/online\/quando-qualcosa-non-va-riconoscere-i-segnali-dallarme-e-cercare-supporto-per-i-giovani-con-autismo\/\" class=\"news_item_button\">\n\t\t\t\t\t\tRead More<i aria-hidden=\"true\" class=\"button_icon after_icon fas fa-arrow-right\"><\/i>\t\t\t\t\t<\/a>\n\t\t\t\t\t\t\t\t<\/div>\n\t\t<\/div>\n\t<\/div>\n<\/li>\n<li class=\"post_item\">\n\t<div class=\"post_inner\">\n\t\t\t\t\t<div class=\"image\">\n\t\t\t\t<a href=\"https:\/\/www.anzianienonsolo.it\/online\/il-progetto-vera-procede-a-gonfie-vele\/\">\n\t\t\t\t\t<img decoding=\"async\" width=\"1\" height=\"1\" src=\"https:\/\/www.anzianienonsolo.it\/online\/wp-content\/uploads\/2026\/03\/IMG_8144.heic\" class=\"attachment-consulting-image-350x250-croped\" alt=\"\" title=\"IMG_8144\" \/>\t\t\t\t<\/a>\n\t\t\t<\/div>\n\t\t\t\t\t<div class=\"news_item_info content_left\">\n\t\t\t<h5 class=\"news_item_title line_under_title\">\n\t\t\t\t<a href=\"https:\/\/www.anzianienonsolo.it\/online\/il-progetto-vera-procede-a-gonfie-vele\/\">Il progetto VERA procede a gonfie vele!<\/a>\n\t\t\t<\/h5>\n\t\t\t\t\t\t\t<div class=\"category\">\n\t\t\t\t\t\t\t\t\t<\/div>\n\t\t\t\t\t\t\t\t<div class=\"news_info\">\n\t\t\t\t\t<p>Home Partners Vera News Il progetto VERA procede a gonfie vele! Nei giorni scorsi, i partner provenienti da Italia, Estonia e Spagna si sono riuniti nella splendida citt\u00e0 di Bologna per partecipare a una sessione di formazione per formatori. Con il supporto di un professionista esperto, hanno esplorato le tecniche del Teatro dell&#8217;Oppresso. Questa coinvolgente<\/p>\n\t\t\t\t<\/div>\n\t\t\t\t\t\t\t<div class=\"news_info_bottom\">\n\t\t\t\t\t\t\t\t\t<div class=\"date icon_before\">\n\t\t\t\t\t\t<span class=\"news_item_date\">30 Marzo 2026<\/span>\n\t\t\t\t\t<\/div>\n\t\t\t\t\t\t\t\t\t\t<a href=\"https:\/\/www.anzianienonsolo.it\/online\/il-progetto-vera-procede-a-gonfie-vele\/\" class=\"news_item_button\">\n\t\t\t\t\t\tRead More<i aria-hidden=\"true\" class=\"button_icon after_icon fas fa-arrow-right\"><\/i>\t\t\t\t\t<\/a>\n\t\t\t\t\t\t\t\t<\/div>\n\t\t<\/div>\n\t<\/div>\n<\/li>\n<li class=\"post_item\">\n\t<div class=\"post_inner\">\n\t\t\t\t\t<div class=\"image\">\n\t\t\t\t<a href=\"https:\/\/www.anzianienonsolo.it\/online\/perche-per-le-persone-con-disturbo-dello-spettro-autistico-puo-essere-piu-difficile-costruire-relazioni-sane\/\">\n\t\t\t\t\t<img loading=\"lazy\" decoding=\"async\" width=\"350\" height=\"250\" src=\"https:\/\/www.anzianienonsolo.it\/online\/wp-content\/uploads\/2026\/03\/March-post-illustration-350x250.png\" class=\"attachment-consulting-image-350x250-croped\" alt=\"\" title=\"March post illustration\" \/>\t\t\t\t<\/a>\n\t\t\t<\/div>\n\t\t\t\t\t<div class=\"news_item_info content_left\">\n\t\t\t<h5 class=\"news_item_title line_under_title\">\n\t\t\t\t<a href=\"https:\/\/www.anzianienonsolo.it\/online\/perche-per-le-persone-con-disturbo-dello-spettro-autistico-puo-essere-piu-difficile-costruire-relazioni-sane\/\">Perch\u00e9 per le persone con disturbo dello spettro autistico pu\u00f2 essere pi\u00f9 difficile costruire relazioni sane?<\/a>\n\t\t\t<\/h5>\n\t\t\t\t\t\t\t<div class=\"category\">\n\t\t\t\t\t\t\t\t\t<\/div>\n\t\t\t\t\t\t\t\t<div class=\"news_info\">\n\t\t\t\t\t<p>Home Partners Vera News Perch\u00e9 per le persone con disturbo dello spettro autistico pu\u00f2 essere pi\u00f9 difficile costruire relazioni sane? Le relazioni si basano sulla comunicazione: esprimere i propri sentimenti, comprendere e ascoltare il partner, stabilire dei limiti e comunicare i propri bisogni. Ora immaginate che uno dei partner veda il mondo attraverso una lente<\/p>\n\t\t\t\t<\/div>\n\t\t\t\t\t\t\t<div class=\"news_info_bottom\">\n\t\t\t\t\t\t\t\t\t<div class=\"date icon_before\">\n\t\t\t\t\t\t<span class=\"news_item_date\">30 Marzo 2026<\/span>\n\t\t\t\t\t<\/div>\n\t\t\t\t\t\t\t\t\t\t<a href=\"https:\/\/www.anzianienonsolo.it\/online\/perche-per-le-persone-con-disturbo-dello-spettro-autistico-puo-essere-piu-difficile-costruire-relazioni-sane\/\" class=\"news_item_button\">\n\t\t\t\t\t\tRead More<i aria-hidden=\"true\" class=\"button_icon after_icon fas fa-arrow-right\"><\/i>\t\t\t\t\t<\/a>\n\t\t\t\t\t\t\t\t<\/div>\n\t\t<\/div>\n\t<\/div>\n<\/li>\n<li class=\"post_item\">\n\t<div class=\"post_inner\">\n\t\t\t\t\t<div class=\"image\">\n\t\t\t\t<a href=\"https:\/\/www.anzianienonsolo.it\/online\/autismo-e-violenza-di-genere-il-progetto-vera-porta-i-primi-frutti\/\">\n\t\t\t\t\t<img loading=\"lazy\" decoding=\"async\" width=\"350\" height=\"250\" src=\"https:\/\/www.anzianienonsolo.it\/online\/wp-content\/uploads\/2025\/06\/Firefly_genera-la-foto-di-un-gruppo-di-persone-di-varie-eta-e-sesso-su-sfondo-bianco-468187-350x250.jpg\" class=\"attachment-consulting-image-350x250-croped\" alt=\"\" title=\"Firefly_genera la foto di un gruppo di persone di varie et\u00e0 e sesso su sfondo bianco 468187\" \/>\t\t\t\t<\/a>\n\t\t\t<\/div>\n\t\t\t\t\t<div class=\"news_item_info content_left\">\n\t\t\t<h5 class=\"news_item_title line_under_title\">\n\t\t\t\t<a href=\"https:\/\/www.anzianienonsolo.it\/online\/autismo-e-violenza-di-genere-il-progetto-vera-porta-i-primi-frutti\/\">Autismo e violenza di genere: il progetto VERA porta i primi frutti<\/a>\n\t\t\t<\/h5>\n\t\t\t\t\t\t\t<div class=\"category\">\n\t\t\t\t\t<a href=\"https:\/\/www.anzianienonsolo.it\/online\/category\/in-primo-piano\/\" class=\"category category-0\">In primo piano<\/a>, <a href=\"https:\/\/www.anzianienonsolo.it\/online\/category\/vera-italia\/\" class=\"category category-1\">Vera - Italia<\/a>\t\t\t\t<\/div>\n\t\t\t\t\t\t\t\t<div class=\"news_info\">\n\t\t\t\t\t<p>Interventi formativi, ambienti inclusivi e personale adeguatamente formato rappresentano strategie\u00a0chiave di prevenzione.<\/p>\n\t\t\t\t<\/div>\n\t\t\t\t\t\t\t<div class=\"news_info_bottom\">\n\t\t\t\t\t\t\t\t\t<div class=\"date icon_before\">\n\t\t\t\t\t\t<span class=\"news_item_date\">10 Marzo 2026<\/span>\n\t\t\t\t\t<\/div>\n\t\t\t\t\t\t\t\t\t\t<a href=\"https:\/\/www.anzianienonsolo.it\/online\/autismo-e-violenza-di-genere-il-progetto-vera-porta-i-primi-frutti\/\" class=\"news_item_button\">\n\t\t\t\t\t\tRead More<i aria-hidden=\"true\" class=\"button_icon after_icon fas fa-arrow-right\"><\/i>\t\t\t\t\t<\/a>\n\t\t\t\t\t\t\t\t<\/div>\n\t\t<\/div>\n\t<\/div>\n<\/li>\n<li class=\"post_item\">\n\t<div class=\"post_inner\">\n\t\t\t\t\t<div class=\"image\">\n\t\t\t\t<a href=\"https:\/\/www.anzianienonsolo.it\/online\/ascoltare-le-prospettive-per-costruire-relazioni-piu-sicurealcuni-spunti-dal-progetto-vera\/\">\n\t\t\t\t\t<img loading=\"lazy\" decoding=\"async\" width=\"350\" height=\"250\" src=\"https:\/\/www.anzianienonsolo.it\/online\/wp-content\/uploads\/2025\/10\/Screenshot-2025-07-17-alle-10.54.34-350x250.png\" class=\"attachment-consulting-image-350x250-croped\" alt=\"\" title=\"Screenshot 2025-07-17 alle 10.54.34\" \/>\t\t\t\t<\/a>\n\t\t\t<\/div>\n\t\t\t\t\t<div class=\"news_item_info content_left\">\n\t\t\t<h5 class=\"news_item_title line_under_title\">\n\t\t\t\t<a href=\"https:\/\/www.anzianienonsolo.it\/online\/ascoltare-le-prospettive-per-costruire-relazioni-piu-sicurealcuni-spunti-dal-progetto-vera\/\">Ascoltare le prospettive per costruire relazioni pi\u00f9 sicure. Alcuni spunti dal progetto VERA<\/a>\n\t\t\t<\/h5>\n\t\t\t\t\t\t\t<div class=\"category\">\n\t\t\t\t\t<a href=\"https:\/\/www.anzianienonsolo.it\/online\/category\/in-primo-piano\/\" class=\"category category-0\">In primo piano<\/a>, <a href=\"https:\/\/www.anzianienonsolo.it\/online\/category\/vera-italia\/\" class=\"category category-1\">Vera - Italia<\/a>\t\t\t\t<\/div>\n\t\t\t\t\t\t\t\t<div class=\"news_info\">\n\t\t\t\t\t<p>Nel progetto VERA, dedicato alla prevenzione della violenza e alla promozione di relazioni sicure tra i giovani, sono state realizzate interviste con familiari, giovani con autismo e professionisti, offrendo spunti preziosi per le prossime fasi del progetto.<\/p>\n\t\t\t\t<\/div>\n\t\t\t\t\t\t\t<div class=\"news_info_bottom\">\n\t\t\t\t\t\t\t\t\t<div class=\"date icon_before\">\n\t\t\t\t\t\t<span class=\"news_item_date\">14 Ottobre 2025<\/span>\n\t\t\t\t\t<\/div>\n\t\t\t\t\t\t\t\t\t\t<a href=\"https:\/\/www.anzianienonsolo.it\/online\/ascoltare-le-prospettive-per-costruire-relazioni-piu-sicurealcuni-spunti-dal-progetto-vera\/\" class=\"news_item_button\">\n\t\t\t\t\t\tRead More<i aria-hidden=\"true\" class=\"button_icon after_icon fas fa-arrow-right\"><\/i>\t\t\t\t\t<\/a>\n\t\t\t\t\t\t\t\t<\/div>\n\t\t<\/div>\n\t<\/div>\n<\/li>\n<li class=\"post_item\">\n\t<div class=\"post_inner\">\n\t\t\t\t\t<div class=\"image\">\n\t\t\t\t<a href=\"https:\/\/www.anzianienonsolo.it\/online\/progetto-vera-approcci-innovativi-per-la-prevenzione-della-violenza-sessuale-verso-i-giovani-con-disturbo-dello-spettro-autistico\/\">\n\t\t\t\t\t<img loading=\"lazy\" decoding=\"async\" width=\"350\" height=\"250\" src=\"https:\/\/www.anzianienonsolo.it\/online\/wp-content\/uploads\/2025\/07\/Firefly_le-mani-di-due-ragazzi-adolescenti-costruiscono-un-ponte-con-i-lego-colorati.-La-foto-248268-350x250.jpg\" class=\"attachment-consulting-image-350x250-croped\" alt=\"\" title=\"Firefly_le mani di due ragazzi adolescenti costruiscono un ponte con i lego colorati. La foto 248268\" \/>\t\t\t\t<\/a>\n\t\t\t<\/div>\n\t\t\t\t\t<div class=\"news_item_info content_left\">\n\t\t\t<h5 class=\"news_item_title line_under_title\">\n\t\t\t\t<a href=\"https:\/\/www.anzianienonsolo.it\/online\/progetto-vera-approcci-innovativi-per-la-prevenzione-della-violenza-sessuale-verso-i-giovani-con-disturbo-dello-spettro-autistico\/\">Progetto VERA: approcci innovativi per la prevenzione della violenza sessuale verso i giovani con Disturbo dello Spettro Autistico\u00a0<\/a>\n\t\t\t<\/h5>\n\t\t\t\t\t\t\t<div class=\"category\">\n\t\t\t\t\t<a href=\"https:\/\/www.anzianienonsolo.it\/online\/category\/in-primo-piano\/\" class=\"category category-0\">In primo piano<\/a>, <a href=\"https:\/\/www.anzianienonsolo.it\/online\/category\/vera-italia\/\" class=\"category category-1\">Vera - Italia<\/a>\t\t\t\t<\/div>\n\t\t\t\t\t\t\t\t<div class=\"news_info\">\n\t\t\t\t\t<p>Una nuova iniziativa apre la strada alla tutela dei giovani con Disturbo dello Spettro Autistico da situazioni di molestie e violenza sessuale. <\/p>\n\t\t\t\t<\/div>\n\t\t\t\t\t\t\t<div class=\"news_info_bottom\">\n\t\t\t\t\t\t\t\t\t<div class=\"date icon_before\">\n\t\t\t\t\t\t<span class=\"news_item_date\">31 Luglio 2025<\/span>\n\t\t\t\t\t<\/div>\n\t\t\t\t\t\t\t\t\t\t<a href=\"https:\/\/www.anzianienonsolo.it\/online\/progetto-vera-approcci-innovativi-per-la-prevenzione-della-violenza-sessuale-verso-i-giovani-con-disturbo-dello-spettro-autistico\/\" class=\"news_item_button\">\n\t\t\t\t\t\tRead More<i aria-hidden=\"true\" class=\"button_icon after_icon fas fa-arrow-right\"><\/i>\t\t\t\t\t<\/a>\n\t\t\t\t\t\t\t\t<\/div>\n\t\t<\/div>\n\t<\/div>\n<\/li>\n\t\t\t\t\t<\/ul>\n\t\t\t\t<\/div>\n\t\t\t\t\t\t\t\t<\/div>\n\t\t\t\t<\/div>\n\t\t\t\t\t<\/div>\n\t\t<\/div>\n\t\t\t\t\t<\/div>\n\t\t<\/section>\n\t\t\t\t<\/div>\n\t\t","protected":false},"excerpt":{"rendered":"<p>Home Partners Vera News Il progetto VERA procede a gonfie vele! Home Partners Vera News Il progetto VERA procede a gonfie vele! Nei giorni scorsi, i partner provenienti da Italia, Estonia e Spagna si sono riuniti nella splendida citt\u00e0 di Bologna per partecipare a una sessione di formazione per formatori. Con il supporto di un<\/p>\n","protected":false},"author":1,"featured_media":0,"parent":0,"menu_order":0,"comment_status":"closed","ping_status":"closed","template":"elementor_canvas","meta":{"footnotes":""},"categories":[],"tags":[],"class_list":["post-12815","page","type-page","status-publish","hentry"],"_links":{"self":[{"href":"https:\/\/www.anzianienonsolo.it\/online\/wp-json\/wp\/v2\/pages\/12815"}],"collection":[{"href":"https:\/\/www.anzianienonsolo.it\/online\/wp-json\/wp\/v2\/pages"}],"about":[{"href":"https:\/\/www.anzianienonsolo.it\/online\/wp-json\/wp\/v2\/types\/page"}],"author":[{"embeddable":true,"href":"https:\/\/www.anzianienonsolo.it\/online\/wp-json\/wp\/v2\/users\/1"}],"replies":[{"embeddable":true,"href":"https:\/\/www.anzianienonsolo.it\/online\/wp-json\/wp\/v2\/comments?post=12815"}],"version-history":[{"count":7,"href":"https:\/\/www.anzianienonsolo.it\/online\/wp-json\/wp\/v2\/pages\/12815\/revisions"}],"predecessor-version":[{"id":13403,"href":"https:\/\/www.anzianienonsolo.it\/online\/wp-json\/wp\/v2\/pages\/12815\/revisions\/13403"}],"wp:attachment":[{"href":"https:\/\/www.anzianienonsolo.it\/online\/wp-json\/wp\/v2\/media?parent=12815"}],"wp:term":[{"taxonomy":"category","embeddable":true,"href":"https:\/\/www.anzianienonsolo.it\/online\/wp-json\/wp\/v2\/categories?post=12815"},{"taxonomy":"post_tag","embeddable":true,"href":"https:\/\/www.anzianienonsolo.it\/online\/wp-json\/wp\/v2\/tags?post=12815"}],"curies":[{"name":"wp","href":"https:\/\/api.w.org\/{rel}","templated":true}]}}